{"id":25978,"date":"2024-11-21T20:43:14","date_gmt":"2024-11-21T23:43:14","guid":{"rendered":"https:\/\/www.bdaypc.com\/?page_id=25978"},"modified":"2024-11-21T20:53:34","modified_gmt":"2024-11-21T23:53:34","slug":"miguel-joyas","status":"publish","type":"page","link":"https:\/\/www.bdaypc.com\/index.php\/miguel-joyas\/","title":{"rendered":"Miguel &#8211; Joyas &#038; Alvear Palace Hotel"},"content":{"rendered":"<p>[vc_row row_type=&#8221;row&#8221; type=&#8221;full_width&#8221; text_align=&#8221;left&#8221; video=&#8221;&#8221; padding_top=&#8221;95&#8243; padding_bottom=&#8221;75&#8243; css_animation=&#8221;&#8221;][vc_column][vc_gallery type=&#8221;flexslider_slide&#8221; interval=&#8221;3&#8243; images=&#8221;24753,24759,24763,24765,24750,24758,24751,24754,24755,24756,24757,24760,24761,24762,24764,24767,24768,24769,24770,24771&#8243; img_size=&#8221;3200&#215;1800&#8243; onclick=&#8221;&#8221; frame=&#8221;no&#8221;][vc_column_text]<\/p>\n<h3 style=\"text-align: center;\"><span style=\"color: #993300;\">Joyas Miguel &#8211; 3 de Diciembre 2024 &#8211; Alvear Palace Hotel<br \/>\n<\/span><\/h3>\n<p>[\/vc_column_text][vc_separator type=&#8221;transparent&#8221;][vc_column_text]<\/p>\n<h4 style=\"text-align: center;\">Los recuerdos tienen gran importancia para nosotros, creemos que son de esas pocas cosas que, a medida que pasa el tiempo, ganan cada vez m\u00e1s valor.<br \/>\nPor eso, nos encanta ser los encargados de preservarlos y hacerlos <span style=\"line-height: 1.5;\">trascender en el tiempo . Porque compartimos el mismo sentimiento, somos su mejor opci\u00f3n para la imagen visual de su evento.<\/span><\/h4>\n<p>[\/vc_column_text][vc_separator type=&#8221;transparent&#8221;][\/vc_column][\/vc_row][vc_row row_type=&#8221;row&#8221; type=&#8221;grid&#8221; text_align=&#8221;left&#8221; video=&#8221;&#8221; background_color=&#8221;#f9f9f9&#8243; padding_top=&#8221;95&#8243; padding_bottom=&#8221;110&#8243; css_animation=&#8221;&#8221;][vc_column][vc_column_text]<\/p>\n<h3 style=\"text-align: center;\">CONTA CON NOSOTROS<\/h3>\n<p>[\/vc_column_text][vc_column_text]<\/p>\n<h4 style=\"text-align: center;\"><span style=\"line-height: 1.5;\">Somos una productora integral fotograf\u00eda y cinematograf\u00eda para eventos, es decir que hacemos la imagen visual integral. Tenemos un estilo muy marcado, nuestro esp\u00edritu es retratar instantes en formato documental. Tenemos los mejores equipos y lentes del mercado, lo que nos permite trabajar con este tipo de est\u00e9tica sin correr riesgos en la b\u00fasqueda de los resultados.<\/span><\/h4>\n<p>[\/vc_column_text][vc_separator type=&#8221;transparent&#8221; up=&#8221;75&#8243; down=&#8221;0&#8243;][vc_column_text]<\/p>\n<h3 style=\"text-align: center;\">PRESUPUESTO<\/h3>\n<p>[\/vc_column_text][vc_column_text]<strong>FOTOGRAFIA Y FILMACION<br \/>\n<\/strong>Realizamos la cobertura completa del evento a dos c\u00e1maras (una de fotos y una de video). Nosotros llegamos muy temprano para capturar la preparaci\u00f3n del sal\u00f3n, detalles de ambientaci\u00f3n y cableado de grabadora para presentaciones.<\/p>\n<p>Montaje de flashes de estudio para realizar fotos de los invitados en el banner de la marca.<br \/>\nRealizaremos el retoque y edici\u00f3n digital de todas las fotos del evento sin marca de agua y en alta definici\u00f3n. Entregaremos todo el contenido en un link de descarga al d\u00eda siguiente del evento.<br \/>\nTambi\u00e9n entregaremos un video promocional con los Highlights del evento de no m\u00e1s de un minuto de duraci\u00f3n y una reducci\u00f3n de 30 segundos para poder utilizarlo en RRSS<span style=\"line-height: 1.5;\"><br \/>\n<strong><span style=\"color: #993300;\">$ 985.000.-<\/span><\/strong><\/span>[\/vc_column_text][vc_separator type=&#8221;transparent&#8221;][vc_video link=&#8221;https:\/\/youtu.be\/mZuefrk85Jk&#8221; el_aspect=&#8221;235&#8243; align=&#8221;center&#8221; css=&#8221;.vc_custom_1732233106325{margin-top: 1px !important;margin-right: 4px !important;margin-bottom: 1px !important;margin-left: 4px !important;border-top-width: 2px !important;border-bottom-width: 2px !important;}&#8221;][vc_separator type=&#8221;transparent&#8221;][\/vc_column][\/vc_row][vc_row row_type=&#8221;row&#8221; type=&#8221;full_width&#8221; text_align=&#8221;left&#8221; video=&#8221;&#8221; css_animation=&#8221;&#8221;][vc_column][\/vc_column][\/vc_row]<\/p>\n","protected":false},"excerpt":{"rendered":"<p>[vc_row row_type=&#8221;row&#8221; type=&#8221;full_width&#8221; text_align=&#8221;left&#8221; video=&#8221;&#8221; padding_top=&#8221;95&#8243; padding_bottom=&#8221;75&#8243; css_animation=&#8221;&#8221;][vc_column][vc_gallery type=&#8221;flexslider_slide&#8221; interval=&#8221;3&#8243; images=&#8221;24753,24759,24763,24765,24750,24758,24751,24754,24755,24756,24757,24760,24761,24762,24764,24767,24768,24769,24770,24771&#8243; img_size=&#8221;3200&#215;1800&#8243; onclick=&#8221;&#8221; frame=&#8221;no&#8221;][vc_column_text] Joyas Miguel &#8211; 3 de Diciembre 2024 &#8211; Alvear&#8230;<\/p>\n","protected":false},"author":3,"featured_media":0,"parent":0,"menu_order":1,"comment_status":"closed","ping_status":"closed","template":"","meta":[],"_links":{"self":[{"href":"https:\/\/www.bdaypc.com\/index.php\/wp-json\/wp\/v2\/pages\/25978"}],"collection":[{"href":"https:\/\/www.bdaypc.com\/index.php\/wp-json\/wp\/v2\/pages"}],"about":[{"href":"https:\/\/www.bdaypc.com\/index.php\/wp-json\/wp\/v2\/types\/page"}],"author":[{"embeddable":true,"href":"https:\/\/www.bdaypc.com\/index.php\/wp-json\/wp\/v2\/users\/3"}],"replies":[{"embeddable":true,"href":"https:\/\/www.bdaypc.com\/index.php\/wp-json\/wp\/v2\/comments?post=25978"}],"version-history":[{"count":3,"href":"https:\/\/www.bdaypc.com\/index.php\/wp-json\/wp\/v2\/pages\/25978\/revisions"}],"predecessor-version":[{"id":25982,"href":"https:\/\/www.bdaypc.com\/index.php\/wp-json\/wp\/v2\/pages\/25978\/revisions\/25982"}],"wp:attachment":[{"href":"https:\/\/www.bdaypc.com\/index.php\/wp-json\/wp\/v2\/media?parent=25978"}],"curies":[{"name":"wp","href":"https:\/\/api.w.org\/{rel}","templated":true}]}}