{"id":25945,"date":"2024-10-01T15:01:23","date_gmt":"2024-10-01T18:01:23","guid":{"rendered":"https:\/\/www.bdaypc.com\/?page_id=25945"},"modified":"2024-10-01T15:29:10","modified_gmt":"2024-10-01T18:29:10","slug":"xv-esmeralda","status":"publish","type":"page","link":"https:\/\/www.bdaypc.com\/index.php\/xv-esmeralda\/","title":{"rendered":"XV Esmeralda &#8211; Alvear Icon"},"content":{"rendered":"<p>[vc_row row_type=&#8221;parallax&#8221; text_align=&#8221;left&#8221;][vc_column][vc_gallery type=&#8221;flexslider_slide&#8221; interval=&#8221;3&#8243; images=&#8221;22970,22652,22371,21950,23032,22672,22653,22135,22373,23010,22153,23033,22363,22323,21927,22013,23023,22365,22166,21917,23025,22161,23000,22322,21922,22648,23005,22348,22158,22165,22359,22150,22354,23034,23021,22656&#8243; img_size=&#8221;3200&#215;1800&#8243; onclick=&#8221;&#8221;][\/vc_column][\/vc_row][vc_row row_type=&#8221;row&#8221; type=&#8221;full_width&#8221; text_align=&#8221;left&#8221; video=&#8221;&#8221; padding_top=&#8221;95&#8243; padding_bottom=&#8221;75&#8243; css_animation=&#8221;&#8221;][vc_column][vc_column_text]<\/p>\n<h3 style=\"text-align: center;\">SOMOS\u00a0BRIGHTER DAY<\/h3>\n<p>[\/vc_column_text][vc_separator type=&#8221;transparent&#8221;][vc_column_text]<\/p>\n<h4 style=\"text-align: center;\">Los recuerdos tienen gran importancia para nosotros, creemos que son de esas pocas cosas en la vida que, a medida que pasa el tiempo, ganan cada vez m\u00e1s valor.<br \/>\nPor eso, nos encanta ser los encargados de preservarlos.\u00a0<span style=\"line-height: 1.5;\">Tener el mejor recuerdo de ese d\u00eda tan especial lo har\u00e1 trascender en el tiempo y, cada vez que vuelvan a mirar el libro de arte fotogr\u00e1fico y los videos que les entregaremos, podr\u00e1n revivir los mejores momentos de ese d\u00eda tan especial. Porque compartimos el mismo sentimiento, somos su mejor opci\u00f3n. No duden en contactarnos y conocer nuestros trabajos.<\/span><\/h4>\n<p>[\/vc_column_text][vc_separator type=&#8221;transparent&#8221;][\/vc_column][\/vc_row][vc_row row_type=&#8221;row&#8221; type=&#8221;grid&#8221; text_align=&#8221;left&#8221; video=&#8221;&#8221; background_color=&#8221;#f9f9f9&#8243; padding_top=&#8221;95&#8243; padding_bottom=&#8221;110&#8243; css_animation=&#8221;&#8221;][vc_column][vc_column_text]<\/p>\n<h3 style=\"text-align: center;\">COMO ES UN QUINCE\u00a0CON NOSOTROS<\/h3>\n<p>[\/vc_column_text][vc_column_text]<\/p>\n<h4 style=\"text-align: center;\"><span style=\"line-height: 1.5;\">Somos una productora integral fotograf\u00eda y cinematograf\u00eda de eventos sociales, es decir que hacemos la imagen visual integral del evento. Tenemos un estilo muy marcado, nuestro esp\u00edritu es retratar instantes en formato documental. Tenemos los mejores equipos y lentes del mercado, lo que nos permite trabajar con este tipo de est\u00e9tica sin correr riesgos en la b\u00fasqueda de los resultados. Somos profesionales de artes visuales y como solo tomamos un evento por fin de semana siempre disponemos de todo nuestro equipo para ustedes.<\/span><\/h4>\n<p>[\/vc_column_text][vc_separator type=&#8221;transparent&#8221; up=&#8221;75&#8243; down=&#8221;0&#8243;][vc_column_text]<\/p>\n<h3 style=\"text-align: center;\"><span style=\"color: #993300;\">XV A\u00f1os Esmeralda &#8211; Hotel Alvear Icon 7-11-2024<\/span><\/h3>\n<p>[\/vc_column_text][vc_separator type=&#8221;transparent&#8221;][vc_column_text]<span class=\"yiv3588017126\" lang=\"ES-TRAD\"><b class=\"\">BOOK DE FOTOS CON ILUMINACION PROFESIONAL + CLIP BACKSTAGE<br \/>\n<\/b><\/span>Producci\u00f3n de fotos durante la preparaci\u00f3n para la cena en Crystal Bar (set up en habitaci\u00f3n y selecci\u00f3n de locaci\u00f3n en el hotel para fotos con iluminaci\u00f3n profesional previo a la cena). Durante la producci\u00f3n tambi\u00e9n grabaremos un corto de calidad cine del backstage de la producci\u00f3n y de un fashion set del book y la llegada a Crystal.<\/p>\n<p>Edici\u00f3n de las fotos en alta calidad y elaboraci\u00f3n de un fashion clip de calidad cinematogr\u00e1fica, ambas post producciones ser\u00e1n enviadas por link de descarga la semana posterior a la realizaci\u00f3n.<\/p>\n<p><strong><span style=\"color: #800000;\">Presupuesto<\/span><\/strong> <strong>$ 390.000.-<\/strong>[\/vc_column_text][vc_separator type=&#8221;transparent&#8221;][vc_separator type=&#8221;transparent&#8221;][vc_video link=&#8221;https:\/\/youtu.be\/kdwEdWSMJ6Q&#8221; el_width=&#8221;90&#8243; el_aspect=&#8221;235&#8243; align=&#8221;center&#8221; css=&#8221;.vc_custom_1689790108984{margin-top: 1px !important;margin-right: 4px !important;margin-bottom: 1px !important;margin-left: 4px !important;border-top-width: 2px !important;border-bottom-width: 2px !important;}&#8221;][vc_separator type=&#8221;transparent&#8221;][vc_video link=&#8221;https:\/\/youtu.be\/WQNFuaZrsns&#8221; el_width=&#8221;90&#8243; el_aspect=&#8221;235&#8243; align=&#8221;center&#8221; css=&#8221;.vc_custom_1659459743919{margin-top: 1px !important;margin-right: 4px !important;margin-bottom: 1px !important;margin-left: 4px !important;border-top-width: 2px !important;border-bottom-width: 2px !important;}&#8221;][vc_separator type=&#8221;transparent&#8221;][\/vc_column][\/vc_row][vc_row row_type=&#8221;row&#8221; type=&#8221;full_width&#8221; text_align=&#8221;left&#8221; video=&#8221;&#8221; padding_top=&#8221;65&#8243; css_animation=&#8221;&#8221;][vc_column][vc_column_text]<\/p>\n<h3 style=\"text-align: center;\">NUESTRO\u00a0PORTFOLIO<\/h3>\n<p>[\/vc_column_text][vc_separator type=&#8221;transparent&#8221;][vc_column_text]<\/p>\n<h4 style=\"text-align: center;\"><span style=\"line-height: 1.5;\">Para nosotros, todo sucede a partir de la planificaci\u00f3n y la pre-producci\u00f3n. Antes de comenzar con la producci\u00f3n sabemos<br \/>\n<\/span><span style=\"line-height: 1.5;\">exactamente qu\u00e9 es lo que estamos buscando,\u00a0por eso permanecemos con muy bajo perfil,<br \/>\nsiempre disparando en los momentos decisivos y con el punto de vista m\u00e1s apropiado para cada situaci\u00f3n.<br \/>\nDe esta forma, logramos una fotograf\u00eda de car\u00e1cter puramente documental. Un estilo que nos hace abordar las im\u00e1genes<br \/>\nde una manera muy minuciosa.\u00a0Cada detalle cuenta, por eso\u00a0trabajamos con equipos<br \/>\ncuya calidad t\u00e9cnica nos brindan la posibilidad de contemplar cada uno de ellos,\u00a0obteniendo as\u00ed un producto final \u00fanico.<br \/>\nNuestro portfolio es el mejor reflejo del potencial creativo de Brighter Day.<br \/>\n<\/span><\/h4>\n<p>[\/vc_column_text][vc_separator type=&#8221;transparent&#8221;]<div class='projects_holder_outer v3 portfolio_with_space portfolio_standard  masonry_with_space'><div class='projects_holder clearfix v3 standard'>\n<article class='mix portfolio_category_166 '><div class='image_holder'><a class='portfolio_link_for_touch' href='https:\/\/www.bdaypc.com\/index.php\/portfolio_page\/book-estudio\/' target='_self'><span class='image'><img width=\"700\" height=\"467\" src=\"https:\/\/www.bdaypc.com\/wp-content\/uploads\/2015\/07\/Book-Martina-B-114-700x467.jpg\" class=\"attachment-portfolio_masonry_with_space size-portfolio_masonry_with_space wp-post-image\" alt=\"\" loading=\"lazy\" srcset=\"https:\/\/www.bdaypc.com\/wp-content\/uploads\/2015\/07\/Book-Martina-B-114-700x467.jpg 700w, https:\/\/www.bdaypc.com\/wp-content\/uploads\/2015\/07\/Book-Martina-B-114-300x200.jpg 300w, https:\/\/www.bdaypc.com\/wp-content\/uploads\/2015\/07\/Book-Martina-B-114-1024x683.jpg 1024w, https:\/\/www.bdaypc.com\/wp-content\/uploads\/2015\/07\/Book-Martina-B-114-480x320.jpg 480w, https:\/\/www.bdaypc.com\/wp-content\/uploads\/2015\/07\/Book-Martina-B-114.jpg 1224w\" sizes=\"(max-width: 700px) 100vw, 700px\" \/><\/span><\/a><span class='text_holder'><span class='text_outer'><span class='text_inner'><span class='feature_holder'><span class=\"feature_holder_icons\"><a class='lightbox hover_icon_holder' title='Book Estudio' href='https:\/\/www.bdaypc.com\/wp-content\/uploads\/2015\/07\/Book-Martina-B-114.jpg' data-rel='prettyPhoto[pretty_photo_gallery]'><span  class='hover_icon icon_search'><\/span><\/a><a class='preview hover_icon_holder' href='https:\/\/www.bdaypc.com\/index.php\/portfolio_page\/book-estudio\/' target='_self'><span  class='hover_icon icon_link_alt'><\/span><\/a><span  class='portfolio_like hover_icon_holder'><a class=\"hover_icon qode-like\" data-type=\"portfolio_list\" id=\"qode-like-22335\" title=\"Like this\"><\/a><\/span><\/span><\/span><\/span><\/span><\/span><\/div><div class='portfolio_description '><h5 class=\"portfolio_title\"><a href=\"https:\/\/www.bdaypc.com\/index.php\/portfolio_page\/book-estudio\/\"  target=\"_self\">Book Estudio<\/a><\/h5><span  class=\"project_category\">quince<\/span><\/div><\/article>\n<article class='mix portfolio_category_166 '><div class='image_holder'><a class='portfolio_link_for_touch' href='https:\/\/www.bdaypc.com\/index.php\/portfolio_page\/book-exteriores\/' target='_self'><span class='image'><img width=\"700\" height=\"467\" src=\"https:\/\/www.bdaypc.com\/wp-content\/uploads\/2016\/03\/Zoe-Book-B-475-700x467.jpg\" class=\"attachment-portfolio_masonry_with_space size-portfolio_masonry_with_space wp-post-image\" alt=\"\" loading=\"lazy\" srcset=\"https:\/\/www.bdaypc.com\/wp-content\/uploads\/2016\/03\/Zoe-Book-B-475-700x467.jpg 700w, https:\/\/www.bdaypc.com\/wp-content\/uploads\/2016\/03\/Zoe-Book-B-475-300x200.jpg 300w, https:\/\/www.bdaypc.com\/wp-content\/uploads\/2016\/03\/Zoe-Book-B-475-768x512.jpg 768w, https:\/\/www.bdaypc.com\/wp-content\/uploads\/2016\/03\/Zoe-Book-B-475-1024x683.jpg 1024w, https:\/\/www.bdaypc.com\/wp-content\/uploads\/2016\/03\/Zoe-Book-B-475-480x320.jpg 480w, https:\/\/www.bdaypc.com\/wp-content\/uploads\/2016\/03\/Zoe-Book-B-475.jpg 1224w\" sizes=\"(max-width: 700px) 100vw, 700px\" \/><\/span><\/a><span class='text_holder'><span class='text_outer'><span class='text_inner'><span class='feature_holder'><span class=\"feature_holder_icons\"><a class='lightbox hover_icon_holder' title='Book Exteriores' href='https:\/\/www.bdaypc.com\/wp-content\/uploads\/2016\/03\/Zoe-Book-B-475.jpg' data-rel='prettyPhoto[pretty_photo_gallery]'><span  class='hover_icon icon_search'><\/span><\/a><a class='preview hover_icon_holder' href='https:\/\/www.bdaypc.com\/index.php\/portfolio_page\/book-exteriores\/' target='_self'><span  class='hover_icon icon_link_alt'><\/span><\/a><span  class='portfolio_like hover_icon_holder'><a class=\"hover_icon qode-like\" data-type=\"portfolio_list\" id=\"qode-like-22339\" title=\"Like this\"><\/a><\/span><\/span><\/span><\/span><\/span><\/span><\/div><div class='portfolio_description '><h5 class=\"portfolio_title\"><a href=\"https:\/\/www.bdaypc.com\/index.php\/portfolio_page\/book-exteriores\/\"  target=\"_self\">Book Exteriores<\/a><\/h5><span  class=\"project_category\">quince<\/span><\/div><\/article>\n<article class='mix portfolio_category_166 '><div class='image_holder'><a class='portfolio_link_for_touch' href='https:\/\/www.bdaypc.com\/index.php\/portfolio_page\/fiesta\/' target='_self'><span class='image'><img width=\"700\" height=\"467\" src=\"https:\/\/www.bdaypc.com\/wp-content\/uploads\/2016\/03\/15-Lucia-B-1-700x467.jpg\" class=\"attachment-portfolio_masonry_with_space size-portfolio_masonry_with_space wp-post-image\" alt=\"\" loading=\"lazy\" srcset=\"https:\/\/www.bdaypc.com\/wp-content\/uploads\/2016\/03\/15-Lucia-B-1-700x467.jpg 700w, https:\/\/www.bdaypc.com\/wp-content\/uploads\/2016\/03\/15-Lucia-B-1-300x200.jpg 300w, https:\/\/www.bdaypc.com\/wp-content\/uploads\/2016\/03\/15-Lucia-B-1-768x513.jpg 768w, https:\/\/www.bdaypc.com\/wp-content\/uploads\/2016\/03\/15-Lucia-B-1-1024x684.jpg 1024w, https:\/\/www.bdaypc.com\/wp-content\/uploads\/2016\/03\/15-Lucia-B-1-480x320.jpg 480w, https:\/\/www.bdaypc.com\/wp-content\/uploads\/2016\/03\/15-Lucia-B-1.jpg 1224w\" sizes=\"(max-width: 700px) 100vw, 700px\" \/><\/span><\/a><span class='text_holder'><span class='text_outer'><span class='text_inner'><span class='feature_holder'><span class=\"feature_holder_icons\"><a class='lightbox hover_icon_holder' title='Fiesta' href='https:\/\/www.bdaypc.com\/wp-content\/uploads\/2016\/03\/15-Lucia-B-1.jpg' data-rel='prettyPhoto[pretty_photo_gallery]'><span  class='hover_icon icon_search'><\/span><\/a><a class='preview hover_icon_holder' href='https:\/\/www.bdaypc.com\/index.php\/portfolio_page\/fiesta\/' target='_self'><span  class='hover_icon icon_link_alt'><\/span><\/a><span  class='portfolio_like hover_icon_holder'><a class=\"hover_icon qode-like\" data-type=\"portfolio_list\" id=\"qode-like-22375\" title=\"Like this\"><\/a><\/span><\/span><\/span><\/span><\/span><\/span><\/div><div class='portfolio_description '><h5 class=\"portfolio_title\"><a href=\"https:\/\/www.bdaypc.com\/index.php\/portfolio_page\/fiesta\/\"  target=\"_self\">Fiesta<\/a><\/h5><span  class=\"project_category\">quince<\/span><\/div><\/article>\n<div class='filler'><\/div>\n<div class='filler'><\/div>\n<div class='filler'><\/div>\n<\/div><\/div>[vc_separator type=&#8221;transparent&#8221;][vc_video link=&#8221;https:\/\/youtu.be\/Is7N6Jm7g9c&#8221; el_width=&#8221;80&#8243; el_aspect=&#8221;235&#8243; align=&#8221;center&#8221; css=&#8221;.vc_custom_1659478401950{margin-top: 1px !important;margin-right: 4px !important;margin-bottom: 1px !important;margin-left: 4px !important;border-top-width: 2px !important;border-bottom-width: 2px !important;}&#8221;][vc_separator type=&#8221;transparent&#8221;][vc_video link=&#8221;https:\/\/youtu.be\/-pX2h4DapN4&#8243; el_width=&#8221;80&#8243; el_aspect=&#8221;235&#8243; align=&#8221;center&#8221; css=&#8221;.vc_custom_1659478407642{margin-top: 1px !important;margin-right: 4px !important;margin-bottom: 1px !important;margin-left: 4px !important;border-top-width: 2px !important;border-bottom-width: 2px !important;}&#8221;][vc_separator type=&#8221;transparent&#8221;][vc_video link=&#8221;https:\/\/youtu.be\/d3J2rOPGXR4&#8243; el_width=&#8221;80&#8243; el_aspect=&#8221;235&#8243; align=&#8221;center&#8221; css=&#8221;.vc_custom_1659478411350{margin-top: 1px !important;margin-right: 4px !important;margin-bottom: 1px !important;margin-left: 4px !important;border-top-width: 2px !important;border-bottom-width: 2px !important;}&#8221;][\/vc_column][\/vc_row][vc_row row_type=&#8221;row&#8221; type=&#8221;full_width&#8221; text_align=&#8221;left&#8221; video=&#8221;&#8221; background_color=&#8221;#ffffff&#8221; padding_top=&#8221;75&#8243; css_animation=&#8221;&#8221;][vc_column][vc_row_inner row_type=&#8221;row&#8221; type=&#8221;full_width&#8221; text_align=&#8221;left&#8221; css_animation=&#8221;&#8221;][vc_column_inner width=&#8221;1\/3&#8243;]<div class='q_icon_with_title   center'><div class=\"icon_holder \" style=\" \"><div class=\"icon_holder_inner\" style=\"\"><span class=\"q_font_elegant_holder  \" style=\"font-size: 28px;\"><span class=\"icon_text_icon q_font_elegant_icon icon_camera\" aria-hidden=\"true\"><\/span><\/span><\/div><\/div><div class=\"icon_text_holder\" style=\"\"><div class=\"icon_text_inner\" style=\"\"><h5 class=\"icon_title\" style=\"\">Fotografia<\/h5><p style=''><\/p><a class='icon_with_title_link' href='http:\/\/www.bdaypc.com\/index.php\/fotografia\/' target='_self' style=''>Ingresar<\/a><\/div><\/div><\/div>[\/vc_column_inner][vc_column_inner width=&#8221;1\/3&#8243;]<div class='q_icon_with_title   center'><div class=\"icon_holder \" style=\" \"><div class=\"icon_holder_inner\" style=\"\"><span class=\"q_font_elegant_holder  \" style=\"font-size: 28px;\"><span class=\"icon_text_icon q_font_elegant_icon icon_question\" aria-hidden=\"true\"><\/span><\/span><\/div><\/div><div class=\"icon_text_holder\" style=\"\"><div class=\"icon_text_inner\" style=\"\"><h5 class=\"icon_title\" style=\"\">FAQ<\/h5><p style=''><\/p><a class='icon_with_title_link' href='http:\/\/www.bdaypc.com\/index.php\/faq\/' target='_self' style=''>Ingresar<\/a><\/div><\/div><\/div>[\/vc_column_inner][vc_column_inner width=&#8221;1\/3&#8243;]<div class='q_icon_with_title   center'><div class=\"icon_holder \" style=\" \"><div class=\"icon_holder_inner\" style=\"\"><span class=\"q_font_elegant_holder  \" style=\"font-size: 28px;\"><span class=\"icon_text_icon q_font_elegant_icon icon_film\" aria-hidden=\"true\"><\/span><\/span><\/div><\/div><div class=\"icon_text_holder\" style=\"\"><div class=\"icon_text_inner\" style=\"\"><h5 class=\"icon_title\" style=\"\">Films<\/h5><p style=''><\/p><a class='icon_with_title_link' href='http:\/\/www.bdaypc.com\/index.php\/films\/' target='_self' style=''>Ingresar<\/a><\/div><\/div><\/div>[\/vc_column_inner][\/vc_row_inner][vc_separator type=&#8221;transparent&#8221;][\/vc_column][\/vc_row][vc_row row_type=&#8221;row&#8221; type=&#8221;full_width&#8221; text_align=&#8221;left&#8221; video=&#8221;&#8221; css_animation=&#8221;&#8221;][vc_column]<div class=\"call_to_action normal\" style=\"\"><div class=\"container_inner\"><div class=\"two_columns_75_25 clearfix\"><div class=\"text_wrapper column1\"><div class=\"call_to_action_text\" style=\"\"><\/p>\n<p>\u00bfLes gusta nuestro trabajo? Esperamos sus comentarios para poder dise\u00f1ar una propuesta a su medida.<\/p>\n<p><\/div><\/div><div class=\"button_wrapper column2\"><a href=\"http:\/\/www.bdaypc.com\/index.php\/contact\/\" class=\"qbutton \" target=\"\" style=\"\">CONTACTO<\/a><\/div><\/div><\/div><\/div>[\/vc_column][\/vc_row]<\/p>\n","protected":false},"excerpt":{"rendered":"<p>[vc_row row_type=&#8221;parallax&#8221; text_align=&#8221;left&#8221;][vc_column][vc_gallery type=&#8221;flexslider_slide&#8221; interval=&#8221;3&#8243; images=&#8221;22970,22652,22371,21950,23032,22672,22653,22135,22373,23010,22153,23033,22363,22323,21927,22013,23023,22365,22166,21917,23025,22161,23000,22322,21922,22648,23005,22348,22158,22165,22359,22150,22354,23034,23021,22656&#8243; img_size=&#8221;3200&#215;1800&#8243; onclick=&#8221;&#8221;][\/vc_column][\/vc_row][vc_row row_type=&#8221;row&#8221; type=&#8221;full_width&#8221; text_align=&#8221;left&#8221; video=&#8221;&#8221; padding_top=&#8221;95&#8243; padding_bottom=&#8221;75&#8243; css_animation=&#8221;&#8221;][vc_column][vc_column_text] SOMOS\u00a0BRIGHTER DAY [\/vc_column_text][vc_separator type=&#8221;transparent&#8221;][vc_column_text] Los recuerdos tienen gran&#8230;<\/p>\n","protected":false},"author":3,"featured_media":0,"parent":0,"menu_order":1,"comment_status":"closed","ping_status":"closed","template":"full_width.php","meta":[],"_links":{"self":[{"href":"https:\/\/www.bdaypc.com\/index.php\/wp-json\/wp\/v2\/pages\/25945"}],"collection":[{"href":"https:\/\/www.bdaypc.com\/index.php\/wp-json\/wp\/v2\/pages"}],"about":[{"href":"https:\/\/www.bdaypc.com\/index.php\/wp-json\/wp\/v2\/types\/page"}],"author":[{"embeddable":true,"href":"https:\/\/www.bdaypc.com\/index.php\/wp-json\/wp\/v2\/users\/3"}],"replies":[{"embeddable":true,"href":"https:\/\/www.bdaypc.com\/index.php\/wp-json\/wp\/v2\/comments?post=25945"}],"version-history":[{"count":6,"href":"https:\/\/www.bdaypc.com\/index.php\/wp-json\/wp\/v2\/pages\/25945\/revisions"}],"predecessor-version":[{"id":25951,"href":"https:\/\/www.bdaypc.com\/index.php\/wp-json\/wp\/v2\/pages\/25945\/revisions\/25951"}],"wp:attachment":[{"href":"https:\/\/www.bdaypc.com\/index.php\/wp-json\/wp\/v2\/media?parent=25945"}],"curies":[{"name":"wp","href":"https:\/\/api.w.org\/{rel}","templated":true}]}}