{"id":25615,"date":"2023-03-09T14:15:34","date_gmt":"2023-03-09T17:15:34","guid":{"rendered":"https:\/\/www.bdaypc.com\/?page_id=25615"},"modified":"2023-03-09T16:07:51","modified_gmt":"2023-03-09T19:07:51","slug":"bar-mitzvah","status":"publish","type":"page","link":"https:\/\/www.bdaypc.com\/index.php\/bar-mitzvah\/","title":{"rendered":"Bar Mitzvah"},"content":{"rendered":"<p>[vc_row row_type=&#8221;parallax&#8221; text_align=&#8221;left&#8221;][vc_column][vc_gallery type=&#8221;flexslider_slide&#8221; interval=&#8221;3&#8243; images=&#8221;22672,22653,22970,22652,22363,22648,21922,23025,21950,22656,22371,23032,22135,22373,23010,22153,23033,22323,21927,22013,23023,22365,22166,21917,22161,23000,22322,23005,22348,22158,22165,22359,22150,22354,23034,23021&#8243; img_size=&#8221;3200&#215;1800&#8243; onclick=&#8221;&#8221;][\/vc_column][\/vc_row][vc_row row_type=&#8221;row&#8221; type=&#8221;full_width&#8221; text_align=&#8221;left&#8221; video=&#8221;&#8221; padding_top=&#8221;95&#8243; padding_bottom=&#8221;75&#8243; css_animation=&#8221;&#8221;][vc_column][vc_column_text]<\/p>\n<h3 style=\"text-align: center;\">SOMOS\u00a0BRIGHTER DAY<\/h3>\n<p>[\/vc_column_text][vc_separator type=&#8221;transparent&#8221;][vc_column_text]<\/p>\n<h4 style=\"text-align: center;\">Los recuerdos tienen gran importancia para nosotros, creemos que son de esas pocas cosas en la vida que, a medida que pasa el tiempo, ganan cada vez m\u00e1s valor.<br \/>\nPor eso, nos encanta ser los encargados de preservarlos.\u00a0<span style=\"line-height: 1.5;\">Tener el mejor recuerdo de ese d\u00eda tan especial lo har\u00e1 trascender en el tiempo y, cada vez que vuelvan a mirar el libro de arte fotogr\u00e1fico y los videos que les entregaremos, podr\u00e1n revivir los mejores momentos de ese d\u00eda tan especial. Porque compartimos el mismo sentimiento, somos su mejor opci\u00f3n. No duden en contactarnos y conocer nuestros trabajos.<\/span><\/h4>\n<p>[\/vc_column_text][vc_separator type=&#8221;transparent&#8221;][\/vc_column][\/vc_row][vc_row row_type=&#8221;row&#8221; type=&#8221;grid&#8221; text_align=&#8221;left&#8221; video=&#8221;&#8221; background_color=&#8221;#f9f9f9&#8243; padding_top=&#8221;95&#8243; padding_bottom=&#8221;110&#8243; css_animation=&#8221;&#8221;][vc_column][vc_column_text]<\/p>\n<h3 style=\"text-align: center;\">COMO ES UN BAR MITZVAH CON NOSOTROS<\/h3>\n<p>[\/vc_column_text][vc_column_text]<\/p>\n<h4 style=\"text-align: center;\"><span style=\"line-height: 1.5;\">Somos una productora integral fotograf\u00eda y cinematograf\u00eda de eventos sociales, es decir que hacemos la imagen visual integral del evento. Tenemos un estilo muy marcado, nuestro esp\u00edritu es retratar instantes en formato documental. Tenemos los mejores equipos y lentes del mercado, lo que nos permite trabajar con este tipo de est\u00e9tica sin correr riesgos en la b\u00fasqueda de los resultados. Somos profesionales de artes visuales y como solo tomamos un evento por fin de semana siempre disponemos de todo nuestro equipo para ustedes.<\/span><\/h4>\n<p>[\/vc_column_text][vc_separator type=&#8221;transparent&#8221; up=&#8221;75&#8243; down=&#8221;0&#8243;][vc_column_text]<\/p>\n<h3 style=\"text-align: center;\"><span style=\"color: #993300;\">Bar Mitzvah Daniel Epelbaum &#8211; 7, 8 y 9 de Septiembre de 2023<\/span><\/h3>\n<p>[\/vc_column_text][vc_separator type=&#8221;transparent&#8221;][vc_column_text]<strong>FOTOGRAFIA Y FILMACION <\/strong>a dos c\u00e1maras durante las celebraciones (tefilim, kabalat shabat, bar mitzvah y fiesta).<br \/>\nEdici\u00f3n digital de todas las fotos del evento sin marca de agua y en alta definici\u00f3n.<br \/>\nEntrega de Flashdrive con corto de video de Highlights y para poder ser visualizado en smartphones, tablets, LCD, LED y cualquier computadora.<\/p>\n<p><strong><span style=\"color: #993300;\">Presupuesto completo $ 595.000.-<\/span><\/strong>[\/vc_column_text][vc_separator type=&#8221;transparent&#8221;][vc_column_text]<span class=\"yiv3588017126\" lang=\"ES-TRAD\"><b class=\"\">BOOK DE FOTOGRAFIAS CON ILUMINACION PROFESIONAL + SAVE THE DATE + CLIP BACKSTAGE + LIBRO DE ARTE + POSTALES PARA MENSAJES<br \/>\n<\/b><\/span>Producci\u00f3n de fotos con la que se produce el book de fotos impreso en tapa dura personalizada de 40 x 40 cent\u00edmetros en papel fotogr\u00e1fico, se adjuntaran postales de las im\u00e1genes para que los invitados durante la recepci\u00f3n le dejen un mensaje. Durante la producci\u00f3n se graba un corto de calidad cine del backstage de la producci\u00f3n. De esta grabaci\u00f3n surgen dos clips, un &#8220;Save the date\u201d con los datos del cumplea\u00f1os para que lo puedan enviar a los invitados via Whatsapp, link web, etc y un corto para el ingreso al sal\u00f3n o bien para proyectar durante la celebraci\u00f3n.<\/p>\n<p><strong><span style=\"color: #993300;\">\u00a0$ 155.000.-<\/span><\/strong>[\/vc_column_text][vc_separator type=&#8221;transparent&#8221;][vc_column_text]<\/p>\n<div class=\"ecxyiv3588017126\"><span class=\"ecxyiv3588017126\"><b class=\"\">SAME DAY EDIT<\/b><\/span><\/div>\n<div class=\"ecxyiv3588017126\">Un SDE (Same Day Edit), como el nombre lo sugiere, es un clip que se edita durante la celebraci\u00f3n. Un editor selecciona los mejores momentos del set up, ambientaci\u00f3n, detalles y por supuesto de la fiesta, y preparar\u00e1 el clip que se proyecta cerca del final del evento. Lo ideal es que no exceda los cuatro minutos de duraci\u00f3n. Pueden ver los videos a continuaci\u00f3n para tener algunas referencias o bien acceder a varios ejemplos de SDE en nuestra secci\u00f3n de Films &#8211; SDE.<\/div>\n<p><strong><span style=\"color: #993300;\">$ 85.000.-<\/span><\/strong>[\/vc_column_text][vc_separator type=&#8221;transparent&#8221;][vc_video link=&#8221;https:\/\/youtu.be\/Rc8J7Q5ZIxo&#8221; el_width=&#8221;90&#8243; el_aspect=&#8221;235&#8243; align=&#8221;center&#8221; css=&#8221;.vc_custom_1659459738642{margin-top: 1px !important;margin-right: 4px !important;margin-bottom: 1px !important;margin-left: 4px !important;border-top-width: 2px !important;border-bottom-width: 2px !important;}&#8221;][vc_separator type=&#8221;transparent&#8221;][vc_video link=&#8221;https:\/\/youtu.be\/d3J2rOPGXR4&#8243; el_width=&#8221;90&#8243; el_aspect=&#8221;235&#8243; align=&#8221;center&#8221; css=&#8221;.vc_custom_1678383124580{margin-top: 1px !important;margin-right: 4px !important;margin-bottom: 1px !important;margin-left: 4px !important;border-top-width: 2px !important;border-bottom-width: 2px !important;}&#8221;][vc_separator type=&#8221;transparent&#8221;][vc_column_text]<\/p>\n<div class=\"ecxyiv3588017126\"><span class=\"ecxyiv3588017126\"><b class=\"\">CAMARAS ADICIONALES<\/b><\/span><\/div>\n<div class=\"ecxyiv3588017126\">Nosotros siempre hasta 140 invitados m\u00e1ximo sugerimos la cobertura b\u00e1sica a dos c\u00e1maras de video, no obstante, la cobertura ideal ser\u00eda con tres c\u00e1maras en lugar de dos. Siempre tener una c\u00e1mara mas genera m\u00e1s contenido y mejor material, dado que se puede hacer seguimiento de m\u00e1s situaciones al mismo tiempo, en momentos puntuales el contenido hace la diferencia.<\/div>\n<div class=\"ecxyiv3588017126\">Camara de video o fotos adicional: <strong><span style=\"color: #993300;\">$ 65.000.- <\/span><\/strong>cada una que adicionemos.<\/div>\n<div class=\"ecxyiv3588017126\">C\u00e1mara Drone para tomas a\u00e9reas <strong><span style=\"color: #993300;\">$ 65.000.-<\/span><\/strong><\/div>\n<p>[\/vc_column_text][vc_separator type=&#8221;transparent&#8221;][vc_column_text]<\/p>\n<div class=\"wpb_text_column wpb_content_element \">\n<div class=\"wpb_wrapper\">\n<div class=\"ecxyiv3588017126\">\n<p><strong>MONTAJE DE VIDEO SUPER SLOW MOTION<br \/>\n<\/strong>Armado de set o croma, habitualmente durante la recepci\u00f3n donde se proveer\u00e1 un gui\u00f3n a los invitados junto con diferentes situaciones a recrear que ser\u00e1n elegidos por los participantes. Combinado todo el material, nosotros manipularemos en post producci\u00f3n las situaciones m\u00e1s graciosas para proyectar un clip muy divertido y de una calidad extraordinaria.<br \/>\n<strong><span style=\"color: #993300;\">$ 89.000.-<\/span><\/strong><\/p>\n<\/div>\n<\/div>\n<\/div>\n<p>[\/vc_column_text][vc_separator type=&#8221;transparent&#8221;][vc_video link=&#8221;https:\/\/youtu.be\/QUuOf6PdmdI&#8221; el_width=&#8221;90&#8243; el_aspect=&#8221;235&#8243; align=&#8221;center&#8221; css=&#8221;.vc_custom_1659477372598{margin-top: 1px !important;margin-right: 4px !important;margin-bottom: 1px !important;margin-left: 4px !important;border-top-width: 2px !important;border-bottom-width: 2px !important;}&#8221;][vc_separator type=&#8221;transparent&#8221;][vc_column_text]<\/p>\n<div class=\"ecxyiv3588017126\">\n<div class=\"yiv3588017126MsoNormal\"><b class=\"\">EDICION CLIP CRONOLOGICO DE FOTOS<\/b><\/div>\n<div class=\"yiv3588017126MsoNormal\">Nos entregan fotos en calidad digital (aproximadamente cien) y nosotros editamos un clip con animaci\u00f3n y m\u00fasica para ser proyectado durante la fiesta, adicionalmente y sin costo adicional podemos editar un sinf\u00edn de fotos sin m\u00fasica para ser proyectado durante las comidas y con todas las im\u00e1genes que deseen.<\/div>\n<div class=\"yiv3588017126MsoNormal\"><strong><span style=\"color: #993300;\">$ 25.000.-<\/span><\/strong><\/div>\n<\/div>\n<p>[\/vc_column_text][vc_separator type=&#8221;transparent&#8221;][vc_column_text]<strong>IMPRESIONES KODAK IMANTADAS<\/strong><br \/>\nUna camara retratara instantaneas durante todo el evento donde dispondremos de una impresora Kodak Profesional para imprimir\u00a0fotos ilimitadas con back imantado durante la fiesta que se iran exhibiendo en un cuadro iluminado sobre un atril para que los invitados las retiren regularmente.<br \/>\n<strong><span style=\"color: #993300;\">$ 125.000.-<\/span><\/strong><br \/>\nSe puede cotizar adicionalmente armar una Flower Wall en la recepcion y dejarla durante todo el evento como rincon fotografico.[\/vc_column_text][\/vc_column][\/vc_row][vc_row row_type=&#8221;row&#8221; type=&#8221;full_width&#8221; text_align=&#8221;left&#8221; video=&#8221;&#8221; padding_top=&#8221;65&#8243; css_animation=&#8221;&#8221;][vc_column][vc_column_text]<\/p>\n<h3 style=\"text-align: center;\">NUESTRO\u00a0PORTFOLIO<\/h3>\n<p>[\/vc_column_text][vc_separator type=&#8221;transparent&#8221;][vc_column_text]<\/p>\n<h4 style=\"text-align: center;\"><span style=\"line-height: 1.5;\">Para nosotros, todo sucede a partir de la planificaci\u00f3n y la pre-producci\u00f3n. Antes de comenzar con la producci\u00f3n sabemos<br \/>\n<\/span><span style=\"line-height: 1.5;\">exactamente qu\u00e9 es lo que estamos buscando,\u00a0por eso permanecemos con muy bajo perfil,<br \/>\nsiempre disparando en los momentos decisivos y con el punto de vista m\u00e1s apropiado para cada situaci\u00f3n.<br \/>\nDe esta forma, logramos una fotograf\u00eda de car\u00e1cter puramente documental. Un estilo que nos hace abordar las im\u00e1genes<br \/>\nde una manera muy minuciosa.\u00a0Cada detalle cuenta, por eso\u00a0trabajamos con equipos<br \/>\ncuya calidad t\u00e9cnica nos brindan la posibilidad de contemplar cada uno de ellos,\u00a0obteniendo as\u00ed un producto final \u00fanico.<br \/>\nNuestro portfolio es el mejor reflejo del potencial creativo de Brighter Day.<br \/>\n<\/span><\/h4>\n<p>[\/vc_column_text][vc_separator type=&#8221;transparent&#8221;]<div class='projects_holder_outer v3 portfolio_with_space portfolio_standard  masonry_with_space'><div class='projects_holder clearfix v3 standard'>\n<article class='mix portfolio_category_166 '><div class='image_holder'><a class='portfolio_link_for_touch' href='https:\/\/www.bdaypc.com\/index.php\/portfolio_page\/book-estudio\/' target='_self'><span class='image'><img width=\"700\" height=\"467\" src=\"https:\/\/www.bdaypc.com\/wp-content\/uploads\/2015\/07\/Book-Martina-B-114-700x467.jpg\" class=\"attachment-portfolio_masonry_with_space size-portfolio_masonry_with_space wp-post-image\" alt=\"\" loading=\"lazy\" srcset=\"https:\/\/www.bdaypc.com\/wp-content\/uploads\/2015\/07\/Book-Martina-B-114-700x467.jpg 700w, https:\/\/www.bdaypc.com\/wp-content\/uploads\/2015\/07\/Book-Martina-B-114-300x200.jpg 300w, https:\/\/www.bdaypc.com\/wp-content\/uploads\/2015\/07\/Book-Martina-B-114-1024x683.jpg 1024w, https:\/\/www.bdaypc.com\/wp-content\/uploads\/2015\/07\/Book-Martina-B-114-480x320.jpg 480w, https:\/\/www.bdaypc.com\/wp-content\/uploads\/2015\/07\/Book-Martina-B-114.jpg 1224w\" sizes=\"(max-width: 700px) 100vw, 700px\" \/><\/span><\/a><span class='text_holder'><span class='text_outer'><span class='text_inner'><span class='feature_holder'><span class=\"feature_holder_icons\"><a class='lightbox hover_icon_holder' title='Book Estudio' href='https:\/\/www.bdaypc.com\/wp-content\/uploads\/2015\/07\/Book-Martina-B-114.jpg' data-rel='prettyPhoto[pretty_photo_gallery]'><span  class='hover_icon icon_search'><\/span><\/a><a class='preview hover_icon_holder' href='https:\/\/www.bdaypc.com\/index.php\/portfolio_page\/book-estudio\/' target='_self'><span  class='hover_icon icon_link_alt'><\/span><\/a><span  class='portfolio_like hover_icon_holder'><a class=\"hover_icon qode-like\" data-type=\"portfolio_list\" id=\"qode-like-22335\" title=\"Like this\"><\/a><\/span><\/span><\/span><\/span><\/span><\/span><\/div><div class='portfolio_description '><h5 class=\"portfolio_title\"><a href=\"https:\/\/www.bdaypc.com\/index.php\/portfolio_page\/book-estudio\/\"  target=\"_self\">Book Estudio<\/a><\/h5><span  class=\"project_category\">quince<\/span><\/div><\/article>\n<article class='mix portfolio_category_166 '><div class='image_holder'><a class='portfolio_link_for_touch' href='https:\/\/www.bdaypc.com\/index.php\/portfolio_page\/book-exteriores\/' target='_self'><span class='image'><img width=\"700\" height=\"467\" src=\"https:\/\/www.bdaypc.com\/wp-content\/uploads\/2016\/03\/Zoe-Book-B-475-700x467.jpg\" class=\"attachment-portfolio_masonry_with_space size-portfolio_masonry_with_space wp-post-image\" alt=\"\" loading=\"lazy\" srcset=\"https:\/\/www.bdaypc.com\/wp-content\/uploads\/2016\/03\/Zoe-Book-B-475-700x467.jpg 700w, https:\/\/www.bdaypc.com\/wp-content\/uploads\/2016\/03\/Zoe-Book-B-475-300x200.jpg 300w, https:\/\/www.bdaypc.com\/wp-content\/uploads\/2016\/03\/Zoe-Book-B-475-768x512.jpg 768w, https:\/\/www.bdaypc.com\/wp-content\/uploads\/2016\/03\/Zoe-Book-B-475-1024x683.jpg 1024w, https:\/\/www.bdaypc.com\/wp-content\/uploads\/2016\/03\/Zoe-Book-B-475-480x320.jpg 480w, https:\/\/www.bdaypc.com\/wp-content\/uploads\/2016\/03\/Zoe-Book-B-475.jpg 1224w\" sizes=\"(max-width: 700px) 100vw, 700px\" \/><\/span><\/a><span class='text_holder'><span class='text_outer'><span class='text_inner'><span class='feature_holder'><span class=\"feature_holder_icons\"><a class='lightbox hover_icon_holder' title='Book Exteriores' href='https:\/\/www.bdaypc.com\/wp-content\/uploads\/2016\/03\/Zoe-Book-B-475.jpg' data-rel='prettyPhoto[pretty_photo_gallery]'><span  class='hover_icon icon_search'><\/span><\/a><a class='preview hover_icon_holder' href='https:\/\/www.bdaypc.com\/index.php\/portfolio_page\/book-exteriores\/' target='_self'><span  class='hover_icon icon_link_alt'><\/span><\/a><span  class='portfolio_like hover_icon_holder'><a class=\"hover_icon qode-like\" data-type=\"portfolio_list\" id=\"qode-like-22339\" title=\"Like this\"><\/a><\/span><\/span><\/span><\/span><\/span><\/span><\/div><div class='portfolio_description '><h5 class=\"portfolio_title\"><a href=\"https:\/\/www.bdaypc.com\/index.php\/portfolio_page\/book-exteriores\/\"  target=\"_self\">Book Exteriores<\/a><\/h5><span  class=\"project_category\">quince<\/span><\/div><\/article>\n<article class='mix portfolio_category_166 '><div class='image_holder'><a class='portfolio_link_for_touch' href='https:\/\/www.bdaypc.com\/index.php\/portfolio_page\/fiesta\/' target='_self'><span class='image'><img width=\"700\" height=\"467\" src=\"https:\/\/www.bdaypc.com\/wp-content\/uploads\/2016\/03\/15-Lucia-B-1-700x467.jpg\" class=\"attachment-portfolio_masonry_with_space size-portfolio_masonry_with_space wp-post-image\" alt=\"\" loading=\"lazy\" srcset=\"https:\/\/www.bdaypc.com\/wp-content\/uploads\/2016\/03\/15-Lucia-B-1-700x467.jpg 700w, https:\/\/www.bdaypc.com\/wp-content\/uploads\/2016\/03\/15-Lucia-B-1-300x200.jpg 300w, https:\/\/www.bdaypc.com\/wp-content\/uploads\/2016\/03\/15-Lucia-B-1-768x513.jpg 768w, https:\/\/www.bdaypc.com\/wp-content\/uploads\/2016\/03\/15-Lucia-B-1-1024x684.jpg 1024w, https:\/\/www.bdaypc.com\/wp-content\/uploads\/2016\/03\/15-Lucia-B-1-480x320.jpg 480w, https:\/\/www.bdaypc.com\/wp-content\/uploads\/2016\/03\/15-Lucia-B-1.jpg 1224w\" sizes=\"(max-width: 700px) 100vw, 700px\" \/><\/span><\/a><span class='text_holder'><span class='text_outer'><span class='text_inner'><span class='feature_holder'><span class=\"feature_holder_icons\"><a class='lightbox hover_icon_holder' title='Fiesta' href='https:\/\/www.bdaypc.com\/wp-content\/uploads\/2016\/03\/15-Lucia-B-1.jpg' data-rel='prettyPhoto[pretty_photo_gallery]'><span  class='hover_icon icon_search'><\/span><\/a><a class='preview hover_icon_holder' href='https:\/\/www.bdaypc.com\/index.php\/portfolio_page\/fiesta\/' target='_self'><span  class='hover_icon icon_link_alt'><\/span><\/a><span  class='portfolio_like hover_icon_holder'><a class=\"hover_icon qode-like\" data-type=\"portfolio_list\" id=\"qode-like-22375\" title=\"Like this\"><\/a><\/span><\/span><\/span><\/span><\/span><\/span><\/div><div class='portfolio_description '><h5 class=\"portfolio_title\"><a href=\"https:\/\/www.bdaypc.com\/index.php\/portfolio_page\/fiesta\/\"  target=\"_self\">Fiesta<\/a><\/h5><span  class=\"project_category\">quince<\/span><\/div><\/article>\n<div class='filler'><\/div>\n<div class='filler'><\/div>\n<div class='filler'><\/div>\n<\/div><\/div>[vc_separator type=&#8221;transparent&#8221;][vc_video link=&#8221;https:\/\/youtu.be\/Is7N6Jm7g9c&#8221; el_width=&#8221;80&#8243; el_aspect=&#8221;235&#8243; align=&#8221;center&#8221; css=&#8221;.vc_custom_1659478401950{margin-top: 1px !important;margin-right: 4px !important;margin-bottom: 1px !important;margin-left: 4px !important;border-top-width: 2px !important;border-bottom-width: 2px !important;}&#8221;][vc_separator type=&#8221;transparent&#8221;][vc_video link=&#8221;https:\/\/youtu.be\/-pX2h4DapN4&#8243; el_width=&#8221;80&#8243; el_aspect=&#8221;235&#8243; align=&#8221;center&#8221; css=&#8221;.vc_custom_1659478407642{margin-top: 1px !important;margin-right: 4px !important;margin-bottom: 1px !important;margin-left: 4px !important;border-top-width: 2px !important;border-bottom-width: 2px !important;}&#8221;][vc_separator type=&#8221;transparent&#8221;][vc_video link=&#8221;https:\/\/youtu.be\/WQNFuaZrsns&#8221; el_width=&#8221;90&#8243; el_aspect=&#8221;235&#8243; align=&#8221;center&#8221; css=&#8221;.vc_custom_1659459743919{margin-top: 1px !important;margin-right: 4px !important;margin-bottom: 1px !important;margin-left: 4px !important;border-top-width: 2px !important;border-bottom-width: 2px !important;}&#8221;][\/vc_column][\/vc_row][vc_row row_type=&#8221;row&#8221; type=&#8221;full_width&#8221; text_align=&#8221;left&#8221; video=&#8221;&#8221; background_color=&#8221;#ffffff&#8221; padding_top=&#8221;75&#8243; css_animation=&#8221;&#8221;][vc_column][vc_row_inner row_type=&#8221;row&#8221; type=&#8221;full_width&#8221; text_align=&#8221;left&#8221; css_animation=&#8221;&#8221;][vc_column_inner width=&#8221;1\/3&#8243;]<div class='q_icon_with_title   center'><div class=\"icon_holder \" style=\" \"><div class=\"icon_holder_inner\" style=\"\"><span class=\"q_font_elegant_holder  \" style=\"font-size: 28px;\"><span class=\"icon_text_icon q_font_elegant_icon icon_camera\" aria-hidden=\"true\"><\/span><\/span><\/div><\/div><div class=\"icon_text_holder\" style=\"\"><div class=\"icon_text_inner\" style=\"\"><h5 class=\"icon_title\" style=\"\">Fotografia<\/h5><p style=''><\/p><a class='icon_with_title_link' href='http:\/\/www.bdaypc.com\/index.php\/fotografia\/' target='_self' style=''>Ingresar<\/a><\/div><\/div><\/div>[\/vc_column_inner][vc_column_inner width=&#8221;1\/3&#8243;]<div class='q_icon_with_title   center'><div class=\"icon_holder \" style=\" \"><div class=\"icon_holder_inner\" style=\"\"><span class=\"q_font_elegant_holder  \" style=\"font-size: 28px;\"><span class=\"icon_text_icon q_font_elegant_icon icon_question\" aria-hidden=\"true\"><\/span><\/span><\/div><\/div><div class=\"icon_text_holder\" style=\"\"><div class=\"icon_text_inner\" style=\"\"><h5 class=\"icon_title\" style=\"\">FAQ<\/h5><p style=''><\/p><a class='icon_with_title_link' href='http:\/\/www.bdaypc.com\/index.php\/faq\/' target='_self' style=''>Ingresar<\/a><\/div><\/div><\/div>[\/vc_column_inner][vc_column_inner width=&#8221;1\/3&#8243;]<div class='q_icon_with_title   center'><div class=\"icon_holder \" style=\" \"><div class=\"icon_holder_inner\" style=\"\"><span class=\"q_font_elegant_holder  \" style=\"font-size: 28px;\"><span class=\"icon_text_icon q_font_elegant_icon icon_film\" aria-hidden=\"true\"><\/span><\/span><\/div><\/div><div class=\"icon_text_holder\" style=\"\"><div class=\"icon_text_inner\" style=\"\"><h5 class=\"icon_title\" style=\"\">Films<\/h5><p style=''><\/p><a class='icon_with_title_link' href='http:\/\/www.bdaypc.com\/index.php\/films\/' target='_self' style=''>Ingresar<\/a><\/div><\/div><\/div>[\/vc_column_inner][\/vc_row_inner][vc_separator type=&#8221;transparent&#8221;][\/vc_column][\/vc_row][vc_row row_type=&#8221;row&#8221; type=&#8221;full_width&#8221; text_align=&#8221;left&#8221; video=&#8221;&#8221; css_animation=&#8221;&#8221;][vc_column]<div class=\"call_to_action normal\" style=\"\"><div class=\"container_inner\"><div class=\"two_columns_75_25 clearfix\"><div class=\"text_wrapper column1\"><div class=\"call_to_action_text\" style=\"\"><\/p>\n<p>\u00bfLes gusta nuestro trabajo? Esperamos sus comentarios para poder dise\u00f1ar una propuesta a su medida.<\/p>\n<p><\/div><\/div><div class=\"button_wrapper column2\"><a href=\"http:\/\/www.bdaypc.com\/index.php\/contact\/\" class=\"qbutton \" target=\"\" style=\"\">CONTACTO<\/a><\/div><\/div><\/div><\/div>[\/vc_column][\/vc_row]<\/p>\n","protected":false},"excerpt":{"rendered":"<p>[vc_row row_type=&#8221;parallax&#8221; text_align=&#8221;left&#8221;][vc_column][vc_gallery type=&#8221;flexslider_slide&#8221; interval=&#8221;3&#8243; images=&#8221;22672,22653,22970,22652,22363,22648,21922,23025,21950,22656,22371,23032,22135,22373,23010,22153,23033,22323,21927,22013,23023,22365,22166,21917,22161,23000,22322,23005,22348,22158,22165,22359,22150,22354,23034,23021&#8243; img_size=&#8221;3200&#215;1800&#8243; onclick=&#8221;&#8221;][\/vc_column][\/vc_row][vc_row row_type=&#8221;row&#8221; type=&#8221;full_width&#8221; text_align=&#8221;left&#8221; video=&#8221;&#8221; padding_top=&#8221;95&#8243; padding_bottom=&#8221;75&#8243; css_animation=&#8221;&#8221;][vc_column][vc_column_text] SOMOS\u00a0BRIGHTER DAY [\/vc_column_text][vc_separator type=&#8221;transparent&#8221;][vc_column_text] Los recuerdos tienen gran&#8230;<\/p>\n","protected":false},"author":3,"featured_media":0,"parent":0,"menu_order":1,"comment_status":"closed","ping_status":"closed","template":"full_width.php","meta":[],"_links":{"self":[{"href":"https:\/\/www.bdaypc.com\/index.php\/wp-json\/wp\/v2\/pages\/25615"}],"collection":[{"href":"https:\/\/www.bdaypc.com\/index.php\/wp-json\/wp\/v2\/pages"}],"about":[{"href":"https:\/\/www.bdaypc.com\/index.php\/wp-json\/wp\/v2\/types\/page"}],"author":[{"embeddable":true,"href":"https:\/\/www.bdaypc.com\/index.php\/wp-json\/wp\/v2\/users\/3"}],"replies":[{"embeddable":true,"href":"https:\/\/www.bdaypc.com\/index.php\/wp-json\/wp\/v2\/comments?post=25615"}],"version-history":[{"count":10,"href":"https:\/\/www.bdaypc.com\/index.php\/wp-json\/wp\/v2\/pages\/25615\/revisions"}],"predecessor-version":[{"id":25625,"href":"https:\/\/www.bdaypc.com\/index.php\/wp-json\/wp\/v2\/pages\/25615\/revisions\/25625"}],"wp:attachment":[{"href":"https:\/\/www.bdaypc.com\/index.php\/wp-json\/wp\/v2\/media?parent=25615"}],"curies":[{"name":"wp","href":"https:\/\/api.w.org\/{rel}","templated":true}]}}