{"id":24657,"date":"2020-06-22T18:27:43","date_gmt":"2020-06-22T21:27:43","guid":{"rendered":"https:\/\/www.bdaypc.com\/?page_id=24657"},"modified":"2021-05-18T12:13:04","modified_gmt":"2021-05-18T15:13:04","slug":"servicios-adicionales","status":"publish","type":"page","link":"https:\/\/www.bdaypc.com\/index.php\/servicios-adicionales\/","title":{"rendered":"Servicios adicionales"},"content":{"rendered":"<p>[vc_row row_type=&#8221;row&#8221; type=&#8221;grid&#8221; text_align=&#8221;left&#8221; video=&#8221;&#8221; background_color=&#8221;#f9f9f9&#8243; padding_top=&#8221;95&#8243; padding_bottom=&#8221;110&#8243; css_animation=&#8221;&#8221;][vc_column][vc_column_text]<\/p>\n<h3 style=\"text-align: center;\">SERVICIOS ADICIONALES<\/h3>\n<p>[\/vc_column_text][vc_separator type=&#8221;transparent&#8221;][vc_column_text]<\/p>\n<div class=\"ecxyiv3588017126\"><span class=\"ecxyiv3588017126\"><b class=\"\">CAMARAS ADICIONALES<\/b><\/span><\/div>\n<div class=\"ecxyiv3588017126\">Nosotros siempre a partir de 150 invitados sugerimos una cobertura de dos c\u00e1maras de fotos y dos de video, siempre tener una c\u00e1mara mas de video y de fotos genera mas contenido y mejor material, sobretodo en momentos puntuales como ceremonia, y el setup de los novios donde el contenido hace la diferencia.<\/div>\n<div>Tambi\u00e9n sugerimos un servicio intermedio a tres c\u00e1maras, donde la tercera c\u00e1mara realizar\u00e1 un trabajo mixto donde mayormente estar\u00e1 tomando fotos y en momentos puntuales del timing del evento har\u00e1 video para generar contenido de contra planos pensados puntualmente en edici\u00f3n de esos instantes.<\/div>\n<div class=\"ecxyiv3588017126\">Camara de video o fotos adicional: <strong><span style=\"color: #993300;\">$ 19000.-<\/span><\/strong> cada una que adicionemos.<\/div>\n<div class=\"ecxyiv3588017126\">C\u00e1mara Drone para tomas a\u00e9reas <strong><span style=\"color: #993300;\">$ 19000.-<\/span><\/strong><\/div>\n<p>[\/vc_column_text][vc_separator type=&#8221;transparent&#8221;][vc_column_text]<strong>SHORT STORY<br \/>\n<\/strong>Nos especializamos en lo que denominamos \u201cShort Story\u201d. Como su nombre lo indica, se trata de una forma condensada de contar su historia: un episodio muy completo y de calidad cinematogr\u00e1fica, un trabajo art\u00edstico personalizado, realizado a medida desde el comienzo, con una minuciosa post-producci\u00f3n, colocando cuadro por cuadro con la debida clasificaci\u00f3n, m\u00fasica y mezcla de sonido.<br \/>\n<span style=\"line-height: 1.5;\">De este mismo trabajo se realizan fotos como buckup del documental y tambi\u00e9n el teaser del Save The Date para que env\u00eden como apoyo de sus invitaciones.<br \/>\n<strong><span style=\"color: #993300;\">$ 29000.-<\/span><\/strong><\/span>[\/vc_column_text][vc_separator type=&#8221;transparent&#8221;][vc_video link=&#8221;https:\/\/youtu.be\/F_VsekRJB8c&#8221; el_width=&#8221;90&#8243; el_aspect=&#8221;235&#8243; align=&#8221;center&#8221; css=&#8221;.vc_custom_1580087376910{margin-top: 1px !important;margin-right: 4px !important;margin-bottom: 1px !important;margin-left: 4px !important;border-top-width: 2px !important;border-bottom-width: 2px !important;}&#8221;][vc_separator type=&#8221;transparent&#8221;][vc_column_text]<\/p>\n<div class=\"ecxyiv3588017126\">\n<div class=\"yiv3588017126MsoNormal\"><b class=\"\">EDICION CLIP CRONOLOGICO DE FOTOS<\/b><\/div>\n<div class=\"yiv3588017126MsoNormal\">Es habitual proyectar un clip durante la celebraci\u00f3n con im\u00e1genes de los novios desde los primeros d\u00edas de vida de cada uno que van intercal\u00e1ndose cronol\u00f3gicamente hasta una de sus primeras fotos juntos. All\u00ed comienza una nueva l\u00ednea de tiempo ya juntos contando su camino hasta el d\u00eda de la boda.<\/div>\n<div class=\"yiv3588017126MsoNormal\">Nos entregan fotos en calidad digital (aproximadamente cien) y nosotros editamos un clip con animaci\u00f3n y m\u00fasica para ser proyectado durante la fiesta, el clip puede tener un hilo conductor, contar una historia con un gui\u00f3n narrado o escrito o simplemente m\u00fasica, animaci\u00f3n e im\u00e1genes.<\/div>\n<div class=\"yiv3588017126MsoNormal\">Adicionalmente si tienen mucho material fotogr\u00e1fico con familia y amigos podemos editar un sinf\u00edn de fotos con todas las im\u00e1genes que deseen, solo que este clip ser\u00eda sin musicalizar para ser proyectado durante los momentos de comida formal o coctel en modalidad de loop.<\/div>\n<div class=\"yiv3588017126MsoNormal\"><strong><span style=\"color: #993300;\">$ 9500.-<\/span><\/strong><\/div>\n<\/div>\n<p>[\/vc_column_text][vc_separator type=&#8221;transparent&#8221;][vc_column_text]<\/p>\n<div class=\"ecxyiv3588017126\"><span class=\"ecxyiv3588017126\"><b class=\"\">SAME DAY EDIT<\/b><\/span><\/div>\n<div class=\"ecxyiv3588017126\">Un SDE (Same Day Edit), como el nombre lo sugiere, es un clip que se edita durante el d\u00eda de la boda. Un editor selecciona los mejores momentos del set up de los novios, la ceremonia y la fiesta, y prepara el clip que, se proyecta cerca del final del evento. Lo ideal es que no exceda los cinco minutos de duraci\u00f3n. Pueden acceder a varios ejemplos de SDE en nuestra secci\u00f3n de Films &#8211; SDE.<\/div>\n<div class=\"ecxyiv3588017126\"><strong><span style=\"color: #993300;\">$ 28000.-<\/span><\/strong><\/div>\n<p>[\/vc_column_text][vc_separator type=&#8221;transparent&#8221;][vc_video link=&#8221;https:\/\/youtu.be\/u7QvMY3EIWo&#8221; el_width=&#8221;90&#8243; el_aspect=&#8221;235&#8243; align=&#8221;center&#8221; css=&#8221;.vc_custom_1580087870212{margin-top: 1px !important;margin-right: 4px !important;margin-bottom: 1px !important;margin-left: 4px !important;border-top-width: 2px !important;border-bottom-width: 2px !important;}&#8221;][vc_separator type=&#8221;transparent&#8221;][vc_column_text]<\/p>\n<div class=\"ecxyiv3588017126\"><span class=\"yiv3588017126\" lang=\"ES-TRAD\"><b class=\"\">SESION DE FOTOGRAFIAS\u00a0CON ILUMINACION PROFESIONAL<\/b><br class=\"yiv3588017126\" clear=\"none\" \/><\/span>Sesi\u00f3n de fotos profesionales en estudio o en exteriores con iluminaci\u00f3n profesional\u00a0de medio d\u00eda (4 horas) con cambios de vestuario\u00a0y retoque digital de todas las im\u00e1genes, entrega de las mismas en alta y baja resoluci\u00f3n. Habitualmente se realiza\u00a0un clip de video como backstage de la producci\u00f3n.<br class=\"yiv3588017126\" clear=\"none\" \/><strong><span style=\"color: #993300;\">$ 14000.-<\/span><\/strong><\/div>\n<p>[\/vc_column_text][vc_separator type=&#8221;transparent&#8221;][vc_column_text]<\/p>\n<div class=\"ecxyiv3588017126\">\n<p><strong>CROMA\u00a0PARA MONTAJE DE VIDEO, O DUBMASH SHOW<br \/>\n<\/strong>Armado de croma verde\u00a0habitualmente durante\u00a0la recepci\u00f3n donde se proveer\u00e1 un gui\u00f3n a los invitados junto con un listado on screen de diferentes dubmash\u00a0o actividades para ser elegidos por los participantes y diferentes fragmentos de una canci\u00f3n elegida por el cliente para ser interpretada por los invitados y por ultimo grabaci\u00f3n de saludos de todos los participantes. Combinado todo el material nosotros manipularemos en post producci\u00f3n fondos, situaciones graciosas y diferente contenido para proyectar un clip muy divertido y de una calidad extraordinaria.<br \/>\n<strong><span style=\"color: #993300;\">$ 29000.-<\/span><\/strong><br \/>\n<strong><span style=\"color: #993300;\">$ 19000.- <\/span><\/strong>Habiendo contratado el Same Day Edit.<\/p>\n<\/div>\n<p>[\/vc_column_text][vc_separator type=&#8221;transparent&#8221;][vc_video link=&#8221;https:\/\/youtu.be\/QUuOf6PdmdI&#8221; el_width=&#8221;90&#8243; align=&#8221;center&#8221; css=&#8221;.vc_custom_1580096942701{margin-top: 1px !important;margin-right: 4px !important;margin-bottom: 1px !important;margin-left: 4px !important;border-top-width: 2px !important;border-bottom-width: 2px !important;}&#8221;][vc_separator type=&#8221;transparent&#8221;][vc_column_text]<\/p>\n<div class=\"ecxyiv3588017126\">\n<p><strong>RINC\u00d3N FOTOGRAFICO KODAK O CROMA PARA CAMBIO DE FONDO<\/strong><br \/>\nArmado de un rinc\u00f3n fotogr\u00e1fico con flashes profesionales en alguna ambientaci\u00f3n de la fiesta o de un croma para cambio de imagen de fondo.<br \/>\nDispondremos de una impresora \u00a0Kodak Profesional para imprimir\u00a0fotos con familiares y amigos durante la fiesta y exhibici\u00f3n de las mismas con leyenda del evento para entregar al final de fiesta.<br \/>\nImpresi\u00f3n de 100 fotos de 10\u00d715 cm: <span style=\"color: #993300;\"><strong>$ 24500.-<\/strong><\/span><br \/>\nImpresi\u00f3n de 100 fotos de 15\u00d723 cm: <span style=\"color: #993300;\"><strong>$ 29600.-<\/strong><\/span><br \/>\nLa ventaja de una impresora Kodak Profesional en lugar de cabina de fotos es que el efecto es sorpresa y la calidad de la imagen es impresi\u00f3n fotogr\u00e1fica y no de impresora inkjet o laser e incluso se puede imprimir un marco para entregar las fotos como souvenir.<\/p>\n<\/div>\n<p>[\/vc_column_text][vc_separator type=&#8221;transparent&#8221;][vc_column_text]<\/p>\n<div class=\"ecxyiv3588017126\">\n<p><strong>IMPRESIONES KODAK IMANTADAS<\/strong><br \/>\nUna c\u00e1mara retratara instant\u00e1neas durante todo el evento donde dispondremos de una impresora Kodak Profesional para imprimir fotos ilimitadas con back imantado durante la fiesta que se ir\u00e1n exhibiendo en un cuadro iluminado sobre un atril para que los invitados las retiren regularmente.<br \/>\n<strong><span style=\"color: #993300;\">$ 28600.-<\/span><\/strong><br \/>\nSe puede cotizar adicionalmente armar una Flower Wall en la recepci\u00f3n y dejarla durante todo el evento como rinc\u00f3n fotogr\u00e1fico.<\/p>\n<\/div>\n<p>[\/vc_column_text][\/vc_column][\/vc_row]<\/p>\n","protected":false},"excerpt":{"rendered":"<p>[vc_row row_type=&#8221;row&#8221; type=&#8221;grid&#8221; text_align=&#8221;left&#8221; video=&#8221;&#8221; background_color=&#8221;#f9f9f9&#8243; padding_top=&#8221;95&#8243; padding_bottom=&#8221;110&#8243; css_animation=&#8221;&#8221;][vc_column][vc_column_text] SERVICIOS ADICIONALES [\/vc_column_text][vc_separator type=&#8221;transparent&#8221;][vc_column_text] CAMARAS ADICIONALES Nosotros siempre a partir de 150 invitados sugerimos&#8230;<\/p>\n","protected":false},"author":3,"featured_media":0,"parent":0,"menu_order":1,"comment_status":"closed","ping_status":"closed","template":"","meta":[],"_links":{"self":[{"href":"https:\/\/www.bdaypc.com\/index.php\/wp-json\/wp\/v2\/pages\/24657"}],"collection":[{"href":"https:\/\/www.bdaypc.com\/index.php\/wp-json\/wp\/v2\/pages"}],"about":[{"href":"https:\/\/www.bdaypc.com\/index.php\/wp-json\/wp\/v2\/types\/page"}],"author":[{"embeddable":true,"href":"https:\/\/www.bdaypc.com\/index.php\/wp-json\/wp\/v2\/users\/3"}],"replies":[{"embeddable":true,"href":"https:\/\/www.bdaypc.com\/index.php\/wp-json\/wp\/v2\/comments?post=24657"}],"version-history":[{"count":6,"href":"https:\/\/www.bdaypc.com\/index.php\/wp-json\/wp\/v2\/pages\/24657\/revisions"}],"predecessor-version":[{"id":24721,"href":"https:\/\/www.bdaypc.com\/index.php\/wp-json\/wp\/v2\/pages\/24657\/revisions\/24721"}],"wp:attachment":[{"href":"https:\/\/www.bdaypc.com\/index.php\/wp-json\/wp\/v2\/media?parent=24657"}],"curies":[{"name":"wp","href":"https:\/\/api.w.org\/{rel}","templated":true}]}}