{"id":22320,"date":"2016-03-01T20:33:00","date_gmt":"2016-03-01T23:33:00","guid":{"rendered":"http:\/\/www.bdaypc.com\/?page_id=22320"},"modified":"2017-10-12T22:02:38","modified_gmt":"2017-10-13T01:02:38","slug":"quince","status":"publish","type":"page","link":"https:\/\/www.bdaypc.com\/index.php\/quince\/","title":{"rendered":"15 A\u00f1os"},"content":{"rendered":"<p>[vc_row row_type=&#8221;row&#8221; type=&#8221;full_width&#8221; text_align=&#8221;left&#8221; video=&#8221;&#8221; css_animation=&#8221;&#8221;][vc_column][vc_gallery type=&#8221;flexslider_slide&#8221; interval=&#8221;5&#8243; images=&#8221;22371,22321,22970,22167,23033,23005,22322,23042,22143,23034,22161,23020,22154,22125,22361,22353,23038,22347,23018,22973,21945,23032,23023,23009,23021,22013,23027,22988,22368,22323,23004,22324,22325,23003,22992&#8243; img_size=&#8221;3200&#215;1800&#8243; onclick=&#8221;&#8221;][\/vc_column][\/vc_row][vc_row row_type=&#8221;row&#8221; type=&#8221;full_width&#8221; text_align=&#8221;left&#8221; video=&#8221;&#8221; padding_top=&#8221;95&#8243; padding_bottom=&#8221;75&#8243; css_animation=&#8221;&#8221;][vc_column][vc_column_text]<\/p>\n<h3 style=\"text-align: center;\">SOMOS\u00a0BRIGHTER DAY<\/h3>\n<p>[\/vc_column_text][vc_separator type=&#8221;transparent&#8221;][vc_column_text]<\/p>\n<h4 style=\"text-align: center;\">Sabemos que tu fiesta de quince ser\u00e1 un momento \u00fanico para vos y nos encantar\u00eda ser los encargados del recuerdo de ese d\u00eda tan especial en tu vida.<br \/>\nTe invitamos a recorrer nuestro sitio web para conocer algunas de las historias de quienes nos confiaron el recuerdo de su fiesta de quince.<\/h4>\n<p>[\/vc_column_text][\/vc_column][\/vc_row][vc_row row_type=&#8221;row&#8221; type=&#8221;grid&#8221; text_align=&#8221;left&#8221; video=&#8221;&#8221; background_color=&#8221;#f9f9f9&#8243; padding_top=&#8221;95&#8243; padding_bottom=&#8221;110&#8243; css_animation=&#8221;&#8221;][vc_column][vc_column_text]<\/p>\n<h3 style=\"text-align: center;\">NUESTRA FILOSOFIA<\/h3>\n<p>[\/vc_column_text][vc_separator type=&#8221;transparent&#8221;][vc_column_text]<\/p>\n<h4 style=\"text-align: center;\">Si est\u00e1s leyendo esto es porque quer\u00e9s tener el mejor recuerdo de tu fiesta de quince para poder revivirlo cuando quieras a trav\u00e9s de las im\u00e1genes&#8230;<br \/>\nPorque compartimos el mismo sentimiento, \u00a1somos tu mejor opci\u00f3n! No dudes en contactarnos y conocer nuestros trabajos.<\/h4>\n<p>[\/vc_column_text][\/vc_column][\/vc_row][vc_row row_type=&#8221;row&#8221; type=&#8221;full_width&#8221; text_align=&#8221;left&#8221; video=&#8221;&#8221; padding_top=&#8221;65&#8243; css_animation=&#8221;&#8221;][vc_column][vc_column_text]<\/p>\n<h3 style=\"text-align: center;\">NUESTRO\u00a0PORTFOLIO<\/h3>\n<p>[\/vc_column_text][vc_separator type=&#8221;transparent&#8221;][vc_column_text]<\/p>\n<h4 style=\"text-align: center;\">Nosotros nos encargamos de planificar todo cuidadosamente para que cada momento y todo lo que suceda ese d\u00eda quede documentado y vos no tengas que preocuparte por nada m\u00e1s que disfrutar de tu fiesta con tu familia y amigos.<br \/>\nContamos con equipos profesionales con una calidad t\u00e9cnica que nos permite registrar cada detalle y obtener im\u00e1genes \u00fanicas.<br \/>\nNuestro portfolio es el mejor reflejo de la creatividad con la que trabajamos en Brighter Day.<\/h4>\n<p>[\/vc_column_text][vc_separator type=&#8221;transparent&#8221;][vc_separator type=&#8221;transparent&#8221;]<div class='projects_holder_outer v3 portfolio_with_space portfolio_standard  masonry_with_space'><div class='projects_holder clearfix v3 standard'>\n<article class='mix portfolio_category_166 '><div class='image_holder'><a class='portfolio_link_for_touch' href='https:\/\/www.bdaypc.com\/index.php\/portfolio_page\/book-estudio\/' target='_self'><span class='image'><img width=\"700\" height=\"467\" src=\"https:\/\/www.bdaypc.com\/wp-content\/uploads\/2015\/07\/Book-Martina-B-114-700x467.jpg\" class=\"attachment-portfolio_masonry_with_space size-portfolio_masonry_with_space wp-post-image\" alt=\"\" loading=\"lazy\" srcset=\"https:\/\/www.bdaypc.com\/wp-content\/uploads\/2015\/07\/Book-Martina-B-114-700x467.jpg 700w, https:\/\/www.bdaypc.com\/wp-content\/uploads\/2015\/07\/Book-Martina-B-114-300x200.jpg 300w, https:\/\/www.bdaypc.com\/wp-content\/uploads\/2015\/07\/Book-Martina-B-114-1024x683.jpg 1024w, https:\/\/www.bdaypc.com\/wp-content\/uploads\/2015\/07\/Book-Martina-B-114-480x320.jpg 480w, https:\/\/www.bdaypc.com\/wp-content\/uploads\/2015\/07\/Book-Martina-B-114.jpg 1224w\" sizes=\"(max-width: 700px) 100vw, 700px\" \/><\/span><\/a><span class='text_holder'><span class='text_outer'><span class='text_inner'><span class='feature_holder'><span class=\"feature_holder_icons\"><a class='lightbox hover_icon_holder' title='Book Estudio' href='https:\/\/www.bdaypc.com\/wp-content\/uploads\/2015\/07\/Book-Martina-B-114.jpg' data-rel='prettyPhoto[pretty_photo_gallery]'><span  class='hover_icon icon_search'><\/span><\/a><a class='preview hover_icon_holder' href='https:\/\/www.bdaypc.com\/index.php\/portfolio_page\/book-estudio\/' target='_self'><span  class='hover_icon icon_link_alt'><\/span><\/a><span  class='portfolio_like hover_icon_holder'><a class=\"hover_icon qode-like\" data-type=\"portfolio_list\" id=\"qode-like-22335\" title=\"Like this\"><\/a><\/span><\/span><\/span><\/span><\/span><\/span><\/div><div class='portfolio_description '><h5 class=\"portfolio_title\"><a href=\"https:\/\/www.bdaypc.com\/index.php\/portfolio_page\/book-estudio\/\"  target=\"_self\">Book Estudio<\/a><\/h5><span  class=\"project_category\">quince<\/span><\/div><\/article>\n<article class='mix portfolio_category_166 '><div class='image_holder'><a class='portfolio_link_for_touch' href='https:\/\/www.bdaypc.com\/index.php\/portfolio_page\/book-exteriores\/' target='_self'><span class='image'><img width=\"700\" height=\"467\" src=\"https:\/\/www.bdaypc.com\/wp-content\/uploads\/2016\/03\/Zoe-Book-B-475-700x467.jpg\" class=\"attachment-portfolio_masonry_with_space size-portfolio_masonry_with_space wp-post-image\" alt=\"\" loading=\"lazy\" srcset=\"https:\/\/www.bdaypc.com\/wp-content\/uploads\/2016\/03\/Zoe-Book-B-475-700x467.jpg 700w, https:\/\/www.bdaypc.com\/wp-content\/uploads\/2016\/03\/Zoe-Book-B-475-300x200.jpg 300w, https:\/\/www.bdaypc.com\/wp-content\/uploads\/2016\/03\/Zoe-Book-B-475-768x512.jpg 768w, https:\/\/www.bdaypc.com\/wp-content\/uploads\/2016\/03\/Zoe-Book-B-475-1024x683.jpg 1024w, https:\/\/www.bdaypc.com\/wp-content\/uploads\/2016\/03\/Zoe-Book-B-475-480x320.jpg 480w, https:\/\/www.bdaypc.com\/wp-content\/uploads\/2016\/03\/Zoe-Book-B-475.jpg 1224w\" sizes=\"(max-width: 700px) 100vw, 700px\" \/><\/span><\/a><span class='text_holder'><span class='text_outer'><span class='text_inner'><span class='feature_holder'><span class=\"feature_holder_icons\"><a class='lightbox hover_icon_holder' title='Book Exteriores' href='https:\/\/www.bdaypc.com\/wp-content\/uploads\/2016\/03\/Zoe-Book-B-475.jpg' data-rel='prettyPhoto[pretty_photo_gallery]'><span  class='hover_icon icon_search'><\/span><\/a><a class='preview hover_icon_holder' href='https:\/\/www.bdaypc.com\/index.php\/portfolio_page\/book-exteriores\/' target='_self'><span  class='hover_icon icon_link_alt'><\/span><\/a><span  class='portfolio_like hover_icon_holder'><a class=\"hover_icon qode-like\" data-type=\"portfolio_list\" id=\"qode-like-22339\" title=\"Like this\"><\/a><\/span><\/span><\/span><\/span><\/span><\/span><\/div><div class='portfolio_description '><h5 class=\"portfolio_title\"><a href=\"https:\/\/www.bdaypc.com\/index.php\/portfolio_page\/book-exteriores\/\"  target=\"_self\">Book Exteriores<\/a><\/h5><span  class=\"project_category\">quince<\/span><\/div><\/article>\n<article class='mix portfolio_category_166 '><div class='image_holder'><a class='portfolio_link_for_touch' href='https:\/\/www.bdaypc.com\/index.php\/portfolio_page\/fiesta\/' target='_self'><span class='image'><img width=\"700\" height=\"467\" src=\"https:\/\/www.bdaypc.com\/wp-content\/uploads\/2016\/03\/15-Lucia-B-1-700x467.jpg\" class=\"attachment-portfolio_masonry_with_space size-portfolio_masonry_with_space wp-post-image\" alt=\"\" loading=\"lazy\" srcset=\"https:\/\/www.bdaypc.com\/wp-content\/uploads\/2016\/03\/15-Lucia-B-1-700x467.jpg 700w, https:\/\/www.bdaypc.com\/wp-content\/uploads\/2016\/03\/15-Lucia-B-1-300x200.jpg 300w, https:\/\/www.bdaypc.com\/wp-content\/uploads\/2016\/03\/15-Lucia-B-1-768x513.jpg 768w, https:\/\/www.bdaypc.com\/wp-content\/uploads\/2016\/03\/15-Lucia-B-1-1024x684.jpg 1024w, https:\/\/www.bdaypc.com\/wp-content\/uploads\/2016\/03\/15-Lucia-B-1-480x320.jpg 480w, https:\/\/www.bdaypc.com\/wp-content\/uploads\/2016\/03\/15-Lucia-B-1.jpg 1224w\" sizes=\"(max-width: 700px) 100vw, 700px\" \/><\/span><\/a><span class='text_holder'><span class='text_outer'><span class='text_inner'><span class='feature_holder'><span class=\"feature_holder_icons\"><a class='lightbox hover_icon_holder' title='Fiesta' href='https:\/\/www.bdaypc.com\/wp-content\/uploads\/2016\/03\/15-Lucia-B-1.jpg' data-rel='prettyPhoto[pretty_photo_gallery]'><span  class='hover_icon icon_search'><\/span><\/a><a class='preview hover_icon_holder' href='https:\/\/www.bdaypc.com\/index.php\/portfolio_page\/fiesta\/' target='_self'><span  class='hover_icon icon_link_alt'><\/span><\/a><span  class='portfolio_like hover_icon_holder'><a class=\"hover_icon qode-like\" data-type=\"portfolio_list\" id=\"qode-like-22375\" title=\"Like this\"><\/a><\/span><\/span><\/span><\/span><\/span><\/span><\/div><div class='portfolio_description '><h5 class=\"portfolio_title\"><a href=\"https:\/\/www.bdaypc.com\/index.php\/portfolio_page\/fiesta\/\"  target=\"_self\">Fiesta<\/a><\/h5><span  class=\"project_category\">quince<\/span><\/div><\/article>\n<div class='filler'><\/div>\n<div class='filler'><\/div>\n<div class='filler'><\/div>\n<\/div><\/div>[\/vc_column][\/vc_row][vc_row row_type=&#8221;row&#8221; type=&#8221;full_width&#8221; text_align=&#8221;left&#8221; video=&#8221;&#8221; background_color=&#8221;#ffffff&#8221; padding_top=&#8221;100&#8243; padding_bottom=&#8221;64&#8243; css_animation=&#8221;&#8221;][vc_column][vc_row_inner row_type=&#8221;row&#8221; type=&#8221;grid&#8221; text_align=&#8221;left&#8221; css_animation=&#8221;&#8221;][vc_column_inner width=&#8221;1\/3&#8243;]<div class='q_icon_with_title  '><div class=\"icon_holder \" style=\" \"><div class=\"icon_holder_inner\" style=\"\"><\/div><\/div><div class=\"icon_text_holder\" style=\"\"><div class=\"icon_text_inner\" style=\"\"><h5 class=\"icon_title\" style=\"\">Sonido<\/h5><p style=''>Contamos con equipos profesionales para grabar pistas de audio evitando cualquier distorsi\u00f3n de sonido ambiente. <\/p><\/div><\/div><\/div>[vc_separator type=&#8221;transparent&#8221; up=&#8221;20&#8243; down=&#8221;0&#8243;][\/vc_column_inner][vc_column_inner width=&#8221;1\/3&#8243;]<div class='q_icon_with_title  '><div class=\"icon_holder \" style=\" \"><div class=\"icon_holder_inner\" style=\"\"><span class=\"q_font_elegant_holder  \" style=\"font-size: 16px;\"><span class=\"icon_text_icon q_font_elegant_icon icon_tool\" aria-hidden=\"true\"><\/span><\/span><\/div><\/div><div class=\"icon_text_holder\" style=\"padding-left: 69px\"><div class=\"icon_text_inner\" style=\"\"><h5 class=\"icon_title\" style=\"\">Edici\u00f3n<\/h5><p style=''>Editamos cuidadosamente cada imagen, dado que nuestras post producciones se basan en los correctos seteos de nuestros equipos para cada toma.<\/p><\/div><\/div><\/div>[vc_separator type=&#8221;transparent&#8221; up=&#8221;20&#8243; down=&#8221;0&#8243;][\/vc_column_inner][vc_column_inner width=&#8221;1\/3&#8243;]<div class='q_icon_with_title  '><div class=\"icon_holder \" style=\" \"><div class=\"icon_holder_inner\" style=\"\"><span class=\"q_font_elegant_holder  \" style=\"font-size: 16px;\"><span class=\"icon_text_icon q_font_elegant_icon icon_lightbulb\" aria-hidden=\"true\"><\/span><\/span><\/div><\/div><div class=\"icon_text_holder\" style=\"padding-left: 69px\"><div class=\"icon_text_inner\" style=\"\"><h5 class=\"icon_title\" style=\"\">Iluminaci\u00f3n <\/h5><p style=''>Continua o flashes. Con nuestros equipos de iluminaci\u00f3n profesional logramos que nuestras historias se vean como pel\u00edculas de cine.<\/p><\/div><\/div><\/div>[vc_separator type=&#8221;transparent&#8221; up=&#8221;20&#8243; down=&#8221;0&#8243;][\/vc_column_inner][\/vc_row_inner][vc_video link=&#8221;https:\/\/vimeo.com\/155308812&#8243; el_width=&#8221;80&#8243; align=&#8221;center&#8221; css=&#8221;.vc_custom_1497659047686{margin-top: 1px !important;margin-right: 4px !important;margin-bottom: 1px !important;margin-left: 4px !important;border-top-width: 2px !important;border-bottom-width: 2px !important;}&#8221;][vc_separator type=&#8221;transparent&#8221;][vc_video link=&#8221;https:\/\/vimeo.com\/190372158&#8243; el_width=&#8221;80&#8243; align=&#8221;center&#8221;][vc_separator type=&#8221;transparent&#8221;][vc_video link=&#8221;https:\/\/vimeo.com\/183428896&#8243; el_width=&#8221;80&#8243; align=&#8221;center&#8221;][vc_separator type=&#8221;transparent&#8221;][vc_video link=&#8221;https:\/\/vimeo.com\/184939895&#8243; el_width=&#8221;80&#8243; align=&#8221;center&#8221;][vc_separator type=&#8221;transparent&#8221;][vc_video link=&#8221;https:\/\/vimeo.com\/147177704&#8243; el_width=&#8221;80&#8243; align=&#8221;center&#8221; css=&#8221;.vc_custom_1497659038919{margin-top: 1px !important;margin-right: 4px !important;margin-bottom: 1px !important;margin-left: 4px !important;border-top-width: 2px !important;border-bottom-width: 2px !important;}&#8221;][vc_separator type=&#8221;transparent&#8221;][vc_video link=&#8221;https:\/\/vimeo.com\/184350335&#8243; el_width=&#8221;80&#8243; align=&#8221;center&#8221;][vc_separator type=&#8221;transparent&#8221;][vc_video link=&#8221;https:\/\/vimeo.com\/181670379&#8243; el_width=&#8221;80&#8243; align=&#8221;center&#8221;][\/vc_column][\/vc_row][vc_row row_type=&#8221;row&#8221; type=&#8221;full_width&#8221; text_align=&#8221;left&#8221; video=&#8221;&#8221; css_animation=&#8221;&#8221;][vc_column]<div class=\"call_to_action normal\" style=\"\"><div class=\"container_inner\"><div class=\"two_columns_75_25 clearfix\"><div class=\"text_wrapper column1\"><div class=\"call_to_action_text\" style=\"\"><\/p>\n<p>\u00bfLes gusta nuestro trabajo? Esperamos sus comentarios para poder dise\u00f1ar una propuesta a su medida.<\/p>\n<p><\/div><\/div><div class=\"button_wrapper column2\"><a href=\"http:\/\/www.bdaypc.com\/index.php\/contact\/\" class=\"qbutton \" target=\"\" style=\"\">CONTACTO<\/a><\/div><\/div><\/div><\/div>[\/vc_column][\/vc_row]<\/p>\n","protected":false},"excerpt":{"rendered":"<p>[vc_row row_type=&#8221;row&#8221; type=&#8221;full_width&#8221; text_align=&#8221;left&#8221; video=&#8221;&#8221; css_animation=&#8221;&#8221;][vc_column][vc_gallery type=&#8221;flexslider_slide&#8221; interval=&#8221;5&#8243; images=&#8221;22371,22321,22970,22167,23033,23005,22322,23042,22143,23034,22161,23020,22154,22125,22361,22353,23038,22347,23018,22973,21945,23032,23023,23009,23021,22013,23027,22988,22368,22323,23004,22324,22325,23003,22992&#8243; img_size=&#8221;3200&#215;1800&#8243; onclick=&#8221;&#8221;][\/vc_column][\/vc_row][vc_row row_type=&#8221;row&#8221; type=&#8221;full_width&#8221; text_align=&#8221;left&#8221; video=&#8221;&#8221; padding_top=&#8221;95&#8243; padding_bottom=&#8221;75&#8243; css_animation=&#8221;&#8221;][vc_column][vc_column_text] SOMOS\u00a0BRIGHTER DAY [\/vc_column_text][vc_separator type=&#8221;transparent&#8221;][vc_column_text] Sabemos&#8230;<\/p>\n","protected":false},"author":3,"featured_media":0,"parent":0,"menu_order":1,"comment_status":"closed","ping_status":"closed","template":"full_width.php","meta":[],"_links":{"self":[{"href":"https:\/\/www.bdaypc.com\/index.php\/wp-json\/wp\/v2\/pages\/22320"}],"collection":[{"href":"https:\/\/www.bdaypc.com\/index.php\/wp-json\/wp\/v2\/pages"}],"about":[{"href":"https:\/\/www.bdaypc.com\/index.php\/wp-json\/wp\/v2\/types\/page"}],"author":[{"embeddable":true,"href":"https:\/\/www.bdaypc.com\/index.php\/wp-json\/wp\/v2\/users\/3"}],"replies":[{"embeddable":true,"href":"https:\/\/www.bdaypc.com\/index.php\/wp-json\/wp\/v2\/comments?post=22320"}],"version-history":[{"count":16,"href":"https:\/\/www.bdaypc.com\/index.php\/wp-json\/wp\/v2\/pages\/22320\/revisions"}],"predecessor-version":[{"id":22971,"href":"https:\/\/www.bdaypc.com\/index.php\/wp-json\/wp\/v2\/pages\/22320\/revisions\/22971"}],"wp:attachment":[{"href":"https:\/\/www.bdaypc.com\/index.php\/wp-json\/wp\/v2\/media?parent=22320"}],"curies":[{"name":"wp","href":"https:\/\/api.w.org\/{rel}","templated":true}]}}