{"id":21774,"date":"2015-07-02T19:44:10","date_gmt":"2015-07-02T22:44:10","guid":{"rendered":"http:\/\/www.bdaypc.com\/?page_id=21774"},"modified":"2016-08-05T20:48:10","modified_gmt":"2016-08-05T23:48:10","slug":"films","status":"publish","type":"page","link":"https:\/\/www.bdaypc.com\/index.php\/films\/","title":{"rendered":"Films"},"content":{"rendered":"<p>[vc_row][vc_column][vc_column_text]En nuestros comienzos todo lo que ten\u00edamos era buen ojo y muy buenas ideas. Nuestro objetivo era llevar esa cinematogr\u00e1fica de la pantalla grande a nuestros videos de bodas: generar algo entretenido y que realmente capture la emoci\u00f3n de ese d\u00eda tan \u00fanico, obteniendo como producto final una pel\u00edcula maravillosa que todos quieran ver. Los recuerdos tienen gran importancia para nosotros, creemos que son de esas pocas cosas en la vida que, a medida que pasa el tiempo, ganan cada vez m\u00e1s valor. Por eso, nos encanta ser los encargados de preservarlos. Los invitamos a recorrer nuestro sitio web para conocer algunas de las historias de quienes nos confiaron el recuerdo de sus bodas.<\/p>\n<p>&nbsp;<\/p>\n<p><strong>Short Story<\/strong><\/p>\n<p>&nbsp;<\/p>\n<p>Nos especializamos en lo que denominamos &#8220;Short Story\u201d. Como su nombre lo indica, se trata de una forma condensada de contar su historia: un episodio muy completo y de calidad cinematogr\u00e1fica, un trabajo art\u00edstico personalizado, realizado a medida desde el comienzo, con una minuciosa post-producci\u00f3n, colocando cuadro por cuadro con la debida clasificaci\u00f3n, m\u00fasica y mezcla de sonido.[\/vc_column_text][vc_separator type=&#8221;normal&#8221; position=&#8221;center&#8221;]<div class='projects_holder_outer v3 portfolio_with_space portfolio_standard '><div class='projects_holder clearfix v3 standard'>\n<article class='mix portfolio_category_162 '><div class='image_holder'><a class='portfolio_link_for_touch' href='https:\/\/www.bdaypc.com\/index.php\/portfolio_page\/vimeo-fx-showreel\/' target='_self'><span class='image'><img width=\"1920\" height=\"818\" src=\"https:\/\/www.bdaypc.com\/wp-content\/uploads\/2013\/10\/Short-Story-Fer-y-Martin.jpg\" class=\"attachment-full size-full wp-post-image\" alt=\"\" loading=\"lazy\" srcset=\"https:\/\/www.bdaypc.com\/wp-content\/uploads\/2013\/10\/Short-Story-Fer-y-Martin.jpg 1920w, https:\/\/www.bdaypc.com\/wp-content\/uploads\/2013\/10\/Short-Story-Fer-y-Martin-300x128.jpg 300w, https:\/\/www.bdaypc.com\/wp-content\/uploads\/2013\/10\/Short-Story-Fer-y-Martin-1024x436.jpg 1024w, https:\/\/www.bdaypc.com\/wp-content\/uploads\/2013\/10\/Short-Story-Fer-y-Martin-700x298.jpg 700w\" sizes=\"(max-width: 1920px) 100vw, 1920px\" \/><\/span><\/a><span class='text_holder'><span class='text_outer'><span class='text_inner'><span class='feature_holder'><span class=\"feature_holder_icons\"><a class='lightbox hover_icon_holder' title='Short Stories' href='https:\/\/www.bdaypc.com\/wp-content\/uploads\/2013\/10\/Short-Story-Fer-y-Martin.jpg' data-rel='prettyPhoto[pretty_photo_gallery]'><span  class='hover_icon icon_search'><\/span><\/a><a class='preview hover_icon_holder' href='https:\/\/www.bdaypc.com\/index.php\/portfolio_page\/vimeo-fx-showreel\/' target='_self'><span  class='hover_icon icon_link_alt'><\/span><\/a><span  class='portfolio_like hover_icon_holder'><a class=\"hover_icon qode-like\" data-type=\"portfolio_list\" id=\"qode-like-167\" title=\"Like this\"><\/a><\/span><\/span><\/span><\/span><\/span><\/span><\/div><div class='portfolio_description '><h5 class=\"portfolio_title\"><a href=\"https:\/\/www.bdaypc.com\/index.php\/portfolio_page\/vimeo-fx-showreel\/\"  target=\"_self\">Short Stories<\/a><\/h5><span  class=\"project_category\">Films<\/span><\/div><\/article>\n<article class='mix portfolio_category_162 '><div class='image_holder'><a class='portfolio_link_for_touch' href='https:\/\/www.bdaypc.com\/index.php\/portfolio_page\/sde\/' target='_self'><span class='image'><img width=\"1920\" height=\"818\" src=\"https:\/\/www.bdaypc.com\/wp-content\/uploads\/2013\/10\/SIL-FEDE.jpg\" class=\"attachment-full size-full wp-post-image\" alt=\"\" loading=\"lazy\" srcset=\"https:\/\/www.bdaypc.com\/wp-content\/uploads\/2013\/10\/SIL-FEDE.jpg 1920w, https:\/\/www.bdaypc.com\/wp-content\/uploads\/2013\/10\/SIL-FEDE-300x128.jpg 300w, https:\/\/www.bdaypc.com\/wp-content\/uploads\/2013\/10\/SIL-FEDE-1024x436.jpg 1024w, https:\/\/www.bdaypc.com\/wp-content\/uploads\/2013\/10\/SIL-FEDE-700x298.jpg 700w\" sizes=\"(max-width: 1920px) 100vw, 1920px\" \/><\/span><\/a><span class='text_holder'><span class='text_outer'><span class='text_inner'><span class='feature_holder'><span class=\"feature_holder_icons\"><a class='lightbox hover_icon_holder' title='Same Day Edit' href='https:\/\/www.bdaypc.com\/wp-content\/uploads\/2013\/10\/SIL-FEDE.jpg' data-rel='prettyPhoto[pretty_photo_gallery]'><span  class='hover_icon icon_search'><\/span><\/a><a class='preview hover_icon_holder' href='https:\/\/www.bdaypc.com\/index.php\/portfolio_page\/sde\/' target='_self'><span  class='hover_icon icon_link_alt'><\/span><\/a><span  class='portfolio_like hover_icon_holder'><a class=\"hover_icon qode-like\" data-type=\"portfolio_list\" id=\"qode-like-140\" title=\"Like this\"><\/a><\/span><\/span><\/span><\/span><\/span><\/span><\/div><div class='portfolio_description '><h5 class=\"portfolio_title\"><a href=\"https:\/\/www.bdaypc.com\/index.php\/portfolio_page\/sde\/\"  target=\"_self\">Same Day Edit<\/a><\/h5><span  class=\"project_category\">Films<\/span><\/div><\/article>\n<article class='mix portfolio_category_162 '><div class='image_holder'><a class='portfolio_link_for_touch' href='https:\/\/www.bdaypc.com\/index.php\/portfolio_page\/save-te-date\/' target='_self'><span class='image'><img width=\"1920\" height=\"818\" src=\"https:\/\/www.bdaypc.com\/wp-content\/uploads\/2013\/10\/SIL-FEDE.jpg\" class=\"attachment-full size-full wp-post-image\" alt=\"\" loading=\"lazy\" srcset=\"https:\/\/www.bdaypc.com\/wp-content\/uploads\/2013\/10\/SIL-FEDE.jpg 1920w, https:\/\/www.bdaypc.com\/wp-content\/uploads\/2013\/10\/SIL-FEDE-300x128.jpg 300w, https:\/\/www.bdaypc.com\/wp-content\/uploads\/2013\/10\/SIL-FEDE-1024x436.jpg 1024w, https:\/\/www.bdaypc.com\/wp-content\/uploads\/2013\/10\/SIL-FEDE-700x298.jpg 700w\" sizes=\"(max-width: 1920px) 100vw, 1920px\" \/><\/span><\/a><span class='text_holder'><span class='text_outer'><span class='text_inner'><span class='feature_holder'><span class=\"feature_holder_icons\"><a class='lightbox hover_icon_holder' title='Save The Date' href='https:\/\/www.bdaypc.com\/wp-content\/uploads\/2013\/10\/SIL-FEDE.jpg' data-rel='prettyPhoto[pretty_photo_gallery]'><span  class='hover_icon icon_search'><\/span><\/a><a class='preview hover_icon_holder' href='https:\/\/www.bdaypc.com\/index.php\/portfolio_page\/save-te-date\/' target='_self'><span  class='hover_icon icon_link_alt'><\/span><\/a><span  class='portfolio_like hover_icon_holder'><a class=\"hover_icon qode-like\" data-type=\"portfolio_list\" id=\"qode-like-22595\" title=\"Like this\"><\/a><\/span><\/span><\/span><\/span><\/span><\/span><\/div><div class='portfolio_description '><h5 class=\"portfolio_title\"><a href=\"https:\/\/www.bdaypc.com\/index.php\/portfolio_page\/save-te-date\/\"  target=\"_self\">Save The Date<\/a><\/h5><span  class=\"project_category\">Films<\/span><\/div><\/article>\n<div class='filler'><\/div>\n<div class='filler'><\/div>\n<div class='filler'><\/div>\n<\/div><\/div>[\/vc_column][\/vc_row]<\/p>\n","protected":false},"excerpt":{"rendered":"<p>[vc_row][vc_column][vc_column_text]En nuestros comienzos todo lo que ten\u00edamos era buen ojo y muy buenas ideas. Nuestro objetivo era llevar esa cinematogr\u00e1fica de la pantalla&#8230;<\/p>\n","protected":false},"author":2,"featured_media":0,"parent":0,"menu_order":4,"comment_status":"closed","ping_status":"open","template":"","meta":[],"_links":{"self":[{"href":"https:\/\/www.bdaypc.com\/index.php\/wp-json\/wp\/v2\/pages\/21774"}],"collection":[{"href":"https:\/\/www.bdaypc.com\/index.php\/wp-json\/wp\/v2\/pages"}],"about":[{"href":"https:\/\/www.bdaypc.com\/index.php\/wp-json\/wp\/v2\/types\/page"}],"author":[{"embeddable":true,"href":"https:\/\/www.bdaypc.com\/index.php\/wp-json\/wp\/v2\/users\/2"}],"replies":[{"embeddable":true,"href":"https:\/\/www.bdaypc.com\/index.php\/wp-json\/wp\/v2\/comments?post=21774"}],"version-history":[{"count":5,"href":"https:\/\/www.bdaypc.com\/index.php\/wp-json\/wp\/v2\/pages\/21774\/revisions"}],"predecessor-version":[{"id":22082,"href":"https:\/\/www.bdaypc.com\/index.php\/wp-json\/wp\/v2\/pages\/21774\/revisions\/22082"}],"wp:attachment":[{"href":"https:\/\/www.bdaypc.com\/index.php\/wp-json\/wp\/v2\/media?parent=21774"}],"curies":[{"name":"wp","href":"https:\/\/api.w.org\/{rel}","templated":true}]}}