{"id":15766,"date":"2014-06-12T07:13:29","date_gmt":"2014-06-12T10:13:29","guid":{"rendered":"http:\/\/demo.select-themes.com\/hazel13\/?page_id=15766"},"modified":"2019-02-04T11:29:20","modified_gmt":"2019-02-04T14:29:20","slug":"somos-brighter-day","status":"publish","type":"page","link":"https:\/\/www.bdaypc.com\/index.php\/somos-brighter-day\/","title":{"rendered":"Somos Brighter Day"},"content":{"rendered":"<p>[vc_row row_type=&#8221;row&#8221; type=&#8221;grid&#8221; text_align=&#8221;left&#8221; video=&#8221;&#8221; padding_top=&#8221;75&#8243; padding_bottom=&#8221;95&#8243; css_animation=&#8221;&#8221;][vc_column]<div class=\"custom_font_holder\" style=\" font-size: 32px; line-height: 20px; font-style: normal; color: #696969; text-decoration: none; text-align: center;\"><\/p>\n<h3>Somos Brighter Day<\/h3>\n<p><\/div>[vc_separator type=&#8221;transparent&#8221; up=&#8221;25&#8243; down=&#8221;0&#8243;][vc_column_text]<\/p>\n<h4 style=\"text-align: center;\">Los recuerdos tienen gran importancia para nosotros, creemos que son de esas pocas cosas en la vida que,\u00a0a medida que pasa el tiempo, ganan cada vez m\u00e1s valor.<br \/>\nPor eso, nos encanta ser los encargados de preservarlos.<\/h4>\n<p>[\/vc_column_text][vc_separator type=&#8221;transparent&#8221; up=&#8221;30&#8243; down=&#8221;0&#8243;][vc_row_inner row_type=&#8221;row&#8221; type=&#8221;grid&#8221; text_align=&#8221;left&#8221; padding_bottom=&#8221;1&#8243; css_animation=&#8221;&#8221;][vc_column_inner width=&#8221;1\/3&#8243;]<div class='q_team without_separator'><div class='q_team_inner'><div class='q_team_image'><img src='https:\/\/www.bdaypc.com\/wp-content\/uploads\/2014\/06\/Chino-1.jpg' alt='' \/><\/div><div class='q_team_text' ><div class='q_team_text_inner'><div class='q_team_title_holder'><h5 class='q_team_name' >ARIEL ZARATE<\/h5><\/div><div class='q_team_description'><p>Mis primeros pasos en el mundo de la cinematograf\u00eda fueron en 1998 y no ten\u00eda idea de hacia d\u00f3nde me llevar\u00eda ese viaje.<br \/>\nComenc\u00e9 grabando algunos cortometrajes y, en el camino, un amigo me pidi\u00f3 que filmara su boda. Lo que empez\u00f3 como un favor, en una primera boda, se convirti\u00f3 en una producci\u00f3n de tiempo completo.<br \/>\nAl venir de un mundo muy diferente al de la mayor\u00eda de los realizadores de eventos, tengo una visi\u00f3n y enfoque muy diferentes en cuanto a rodaje y montaje, lo que le aporta originalidad a nuestros trabajos.<br \/>\nDesde mis comienzos y hasta el d\u00eda de hoy me encuentro en la b\u00fasqueda constante de nuevas t\u00e9cnicas para aplicarlas y adaptarlas a la producci\u00f3n y postproducci\u00f3n de cada evento.<\/p><\/div><\/div><div class='q_team_social_holder'><\/div><\/div><\/div><\/div>[\/vc_column_inner][vc_column_inner width=&#8221;1\/3&#8243;]<div class='q_team without_separator'><div class='q_team_inner'><div class='q_team_image'><img src='https:\/\/www.bdaypc.com\/wp-content\/uploads\/2019\/01\/maria-laura-zorko2.jpg' alt='' \/><\/div><div class='q_team_text' ><div class='q_team_text_inner'><div class='q_team_title_holder'><h5 class='q_team_name' >MARIA LAURA ZORKO<\/h5><\/div><div class='q_team_description'><p>La fotograf\u00eda para m\u00ed comenz\u00f3 como un juego durante mi infancia, como un hobby que copi\u00e9 de mi pap\u00e1, gran aficionado a este mundo.<\/p>\n<p>Fue m\u00e1s adelante, cuando tuve mi propia c\u00e1mara r\u00e9flex, que confirm\u00e9 que ese juego se convertir\u00eda en una pasi\u00f3n y, desde ese entonces, siempre me esfuerzo por continuar aprendiendo sobre este arte.<\/p>\n<p>Disfruto de la fotograf\u00eda porque creo que no hay mejor recuerdo de un viaje, un acontecimiento en la vida o una situaci\u00f3n cotidiana que las fotos que tomamos en ellos, por el poder que tiene de inmortalizar los momentos y permitirnos revivirlos sin que el paso del tiempo los diluya.<\/p><\/div><\/div><div class='q_team_social_holder'><\/div><\/div><\/div><\/div>[\/vc_column_inner][vc_column_inner width=&#8221;1\/3&#8243;]<div class='q_team without_separator'><div class='q_team_inner'><div class='q_team_image'><img src='https:\/\/www.bdaypc.com\/wp-content\/uploads\/2014\/06\/Diego-1.jpg' alt='' \/><\/div><div class='q_team_text' ><div class='q_team_text_inner'><div class='q_team_title_holder'><h5 class='q_team_name' >DIEGO TERZE<\/h5><\/div><div class='q_team_description'><p>La primera vez que estuve en un cuarto oscuro fue de la mano de mi abuelo y no ten\u00eda m\u00e1s de doce a\u00f1os. Recuerdo que lo vi poner el papel fotogr\u00e1fico en el revelador y pude apreciar c\u00f3mo la imagen aparec\u00eda lentamente.<br \/>\nEra \u201cmagia\u201d. En ese momento supe exactamente lo que quer\u00eda hacer de ah\u00ed en m\u00e1s.<br \/>\nFue entonces que comenc\u00e9 t\u00edmidamente a adentrarme en el mundo de la fotograf\u00eda y nunca dej\u00e9 de aprender.<br \/>\nSiempre hay espacio para el crecimiento, para tener nuevas experiencias y tomar m\u00e1s riesgos. Pensar menos y escuchar m\u00e1s. Nada est\u00e1 fuera del alcance de las im\u00e1genes.<\/p><\/div><\/div><div class='q_team_social_holder'><\/div><\/div><\/div><\/div>[\/vc_column_inner][\/vc_row_inner][\/vc_column][\/vc_row][vc_row row_type=&#8221;row&#8221; type=&#8221;full_width&#8221; text_align=&#8221;left&#8221; video=&#8221;&#8221; background_image=&#8221;15436&#8243; pattern_background=&#8221;pattern_background&#8221; css_animation=&#8221;&#8221;][vc_column][vc_row_inner row_type=&#8221;row&#8221; type=&#8221;grid&#8221; text_align=&#8221;left&#8221; padding_top=&#8221;90&#8243; css_animation=&#8221;&#8221;][vc_column_inner]<div class=\"custom_font_holder\" style=\" font-size: 32px; line-height: 27px; font-style: normal; color: #696969; text-decoration: none; padding: 1; text-align: center;\"><\/p>\n<h3>Nuestros\u00a0Clientes<\/h3>\n<p><\/div>[vc_column_text]<\/p>\n<h4 style=\"text-align: center;\">Tenemos una trayectoria donde nuestros clientes hablan por nosotros. Nadie mejor que un cliente satisfecho con nuestro trabajo para recomendarnos. Ponemos a su disposici\u00f3n las referencias de nuestros clientes, no duden en solicit\u00e1rnoslo.<\/h4>\n<p>&nbsp;<\/p>\n<p>[\/vc_column_text][\/vc_column_inner][\/vc_row_inner][\/vc_column][\/vc_row]<\/p>\n","protected":false},"excerpt":{"rendered":"<p>[vc_row row_type=&#8221;row&#8221; type=&#8221;grid&#8221; text_align=&#8221;left&#8221; video=&#8221;&#8221; padding_top=&#8221;75&#8243; padding_bottom=&#8221;95&#8243; css_animation=&#8221;&#8221;][vc_column][vc_separator type=&#8221;transparent&#8221; up=&#8221;25&#8243; down=&#8221;0&#8243;][vc_column_text] Los recuerdos tienen gran importancia para nosotros, creemos que son de esas&#8230;<\/p>\n","protected":false},"author":3,"featured_media":0,"parent":0,"menu_order":5,"comment_status":"open","ping_status":"closed","template":"full_width.php","meta":[],"_links":{"self":[{"href":"https:\/\/www.bdaypc.com\/index.php\/wp-json\/wp\/v2\/pages\/15766"}],"collection":[{"href":"https:\/\/www.bdaypc.com\/index.php\/wp-json\/wp\/v2\/pages"}],"about":[{"href":"https:\/\/www.bdaypc.com\/index.php\/wp-json\/wp\/v2\/types\/page"}],"author":[{"embeddable":true,"href":"https:\/\/www.bdaypc.com\/index.php\/wp-json\/wp\/v2\/users\/3"}],"replies":[{"embeddable":true,"href":"https:\/\/www.bdaypc.com\/index.php\/wp-json\/wp\/v2\/comments?post=15766"}],"version-history":[{"count":11,"href":"https:\/\/www.bdaypc.com\/index.php\/wp-json\/wp\/v2\/pages\/15766\/revisions"}],"predecessor-version":[{"id":24317,"href":"https:\/\/www.bdaypc.com\/index.php\/wp-json\/wp\/v2\/pages\/15766\/revisions\/24317"}],"wp:attachment":[{"href":"https:\/\/www.bdaypc.com\/index.php\/wp-json\/wp\/v2\/media?parent=15766"}],"curies":[{"name":"wp","href":"https:\/\/api.w.org\/{rel}","templated":true}]}}