{"id":15742,"date":"2014-06-11T15:11:18","date_gmt":"2014-06-11T18:11:18","guid":{"rendered":"http:\/\/demo.select-themes.com\/hazel13\/?page_id=15742"},"modified":"2015-08-02T17:06:29","modified_gmt":"2015-08-02T20:06:29","slug":"faq","status":"publish","type":"page","link":"https:\/\/www.bdaypc.com\/index.php\/faq\/","title":{"rendered":"Preguntas Frecuentes"},"content":{"rendered":"<p>[vc_row row_type=&#8221;row&#8221; type=&#8221;grid&#8221; icon_pack=&#8221;font_awesome&#8221; content_menu_fe_icon=&#8221;arrow_back&#8221; text_align=&#8221;left&#8221; padding_top=&#8221;85&#8243; padding_bottom=&#8221;102&#8243; background_color=&#8221;#ffffff&#8221;][vc_column width=&#8221;1\/1&#8243;]<div class=\"custom_font_holder\" style=\" font-size: 32px; line-height: 27px; font-style: normal; color: #696969; text-decoration: none; padding: 0; margin: 0; text-align: center;\"><\/p>\n<h2>Preguntas Frecuentes<\/h2>\n<p><\/div>[\/vc_column][\/vc_row][vc_row row_type=&#8221;row&#8221; type=&#8221;grid&#8221; icon_pack=&#8221;font_awesome&#8221; content_menu_fe_icon=&#8221;arrow_back&#8221; text_align=&#8221;left&#8221; padding_bottom=&#8221;2&#8243; in_content_menu=&#8221;&#8221; pattern_background=&#8221;&#8221;][vc_column width=&#8221;1\/3&#8243;]<div class=\"q_image_with_text_over \"><div class=\"shader\"><\/div><img src=\"https:\/\/www.bdaypc.com\/wp-content\/uploads\/2015\/06\/Iglesia-B-259.jpg\" alt=\"\u00bfQu\u00e9 preguntas debemos hacerle a un estudio antes de contratarlo?\" \/><div class=\"text\"><span class=\"front_holder\"><span class=\"front_inner\"><span class=\"icon_holder q_font_elegant_icon icon_lightbulb_alt\" aria-hidden=\"true\" style=' font-size: 45px;'><\/span><h5 class=\"caption \" style=\"\">\u00bfQu\u00e9 preguntas debemos hacerle a un estudio antes de contratarlo?<\/h5><\/span><\/span><span class=\"back_holder\"><span class=\"back_inner\"><div class=\"desc\"><p class=\"desc_text\"><strong>Adem\u00e1s de las preguntas b\u00e1sicas: servicios que cubren y costos, lo ideal es tener una reuni\u00f3n para conocerse. Las personas que se encarguen de la cobertura de su boda compartir\u00e1n un momento muy \u00edntimo para ustedes\u00a0y deben sentirse c\u00f3modos en su compa\u00f1\u00eda. <\/strong><\/p><\/div><\/span><\/span><\/div><\/div><div class=\"q_image_with_text_over \"><div class=\"shader\"><\/div><img src=\"https:\/\/www.bdaypc.com\/wp-content\/uploads\/2015\/07\/Iglesia-146.jpg\" alt=\"\u00bfCu\u00e1l es el consejo para las parejas que se sienten intimidadas por las c\u00e1maras?\" \/><div class=\"text\"><span class=\"front_holder\"><span class=\"front_inner\"><span class=\"icon_holder q_font_elegant_icon icon_mug\" aria-hidden=\"true\" style=' font-size: 45px;'><\/span><h5 class=\"caption \" style=\"\">\u00bfCu\u00e1l es el consejo para las parejas que se sienten intimidadas por las c\u00e1maras?<\/h5><\/span><\/span><span class=\"back_holder\"><span class=\"back_inner\"><div class=\"desc\"><p class=\"desc_text\"><strong>Nosotros siempre estamos detr\u00e1s de c\u00e1mara y muy pocas veces frente a ellas por eso sabemos de qu\u00e9 se trata y c\u00f3mo se sienten. El resultado de nuestras fotograf\u00edas es muy documental y rara vez ser\u00e1n im\u00e1genes posadas. Nuestro objetivo es\u00a0pasar lo m\u00e1s desapercibidos posible y captarlos en su esencia.<\/strong><\/p><\/div><\/span><\/span><\/div><\/div><div class=\"q_image_with_text_over \"><div class=\"shader\"><\/div><img src=\"https:\/\/www.bdaypc.com\/wp-content\/uploads\/2015\/06\/Fiesta-B-573.jpg\" alt=\"\u00bfHacen retoque digital?\" \/><div class=\"text\"><span class=\"front_holder\"><span class=\"front_inner\"><span class=\"icon_holder q_font_elegant_icon icon_mug\" aria-hidden=\"true\" style=' font-size: 45px;'><\/span><h5 class=\"caption \" style=\"\">\u00bfHacen retoque digital?<\/h5><\/span><\/span><span class=\"back_holder\"><span class=\"back_inner\"><div class=\"desc\"><p class=\"desc_text\"><strong>Si, absolutamente todas nuestras im\u00e1genes y videos tienen correcci\u00f3n de color, ajustes de iluminaci\u00f3n y virajes de post producci\u00f3n.<\/strong><\/p><\/div><\/span><\/span><\/div><\/div><div class=\"q_image_with_text_over \"><div class=\"shader\"><\/div><img src=\"https:\/\/www.bdaypc.com\/wp-content\/uploads\/2015\/06\/Vicky-Mauro-B-43.jpg\" alt=\"\u00bfC\u00f3mo coordinan el equipo fotografiando y filmando?\" \/><div class=\"text\"><span class=\"front_holder\"><span class=\"front_inner\"><span class=\"icon_holder q_font_elegant_icon icon_mug\" aria-hidden=\"true\" style=' font-size: 45px;'><\/span><h5 class=\"caption \" style=\"\">\u00bfC\u00f3mo coordinan el equipo fotografiando y filmando?<\/h5><\/span><\/span><span class=\"back_holder\"><span class=\"back_inner\"><div class=\"desc\"><p class=\"desc_text\"><strong>Antes del comienzo del evento tenemos todo coordinado: equipos, lentes, puestos de trabajo y llegamos con todo resuelto para pasar lo m\u00e1s desapercibidos posible.<\/strong><\/p><\/div><\/span><\/span><\/div><\/div><div class=\"q_image_with_text_over \"><div class=\"shader\"><\/div><img src=\"https:\/\/www.bdaypc.com\/wp-content\/uploads\/2015\/06\/Templo-B-226.jpg\" alt=\"\u00bfTienen m\u00e1s material para mostrar, adem\u00e1s del publicado en su sitio web?\" \/><div class=\"text\"><span class=\"front_holder\"><span class=\"front_inner\"><span class=\"icon_holder q_font_elegant_icon icon_mug\" aria-hidden=\"true\" style=' font-size: 45px;'><\/span><h5 class=\"caption \" style=\"\">\u00bfTienen m\u00e1s material para mostrar, adem\u00e1s del publicado en su sitio web?<\/h5><\/span><\/span><span class=\"back_holder\"><span class=\"back_inner\"><div class=\"desc\"><p class=\"desc_text\"><strong>S\u00ed.\u00a0Tenemos mucho material que no podemos subir por motivos de confidencialidad.\u00a0Ser\u00e1 un placer reunirnos para mostrarles m\u00e1s de\u00a0nuestros\u00a0trabajos.<\/strong><\/p><\/div><\/span><\/span><\/div><\/div>[\/vc_column][vc_column width=&#8221;1\/3&#8243;]<div class=\"q_image_with_text_over \"><div class=\"shader\"><\/div><img src=\"https:\/\/www.bdaypc.com\/wp-content\/uploads\/2015\/06\/Setup-B-76.jpg\" alt=\"\u00bfPor qu\u00e9 deber\u00edamos contratar cinematograf\u00eda de bodas, adem\u00e1s de fotograf\u00eda?\" \/><div class=\"text\"><span class=\"front_holder\"><span class=\"front_inner\"><span class=\"icon_holder q_font_elegant_icon icon_mug\" aria-hidden=\"true\" style=' font-size: 45px;'><\/span><h5 class=\"caption \" style=\"\">\u00bfPor qu\u00e9 deber\u00edamos contratar cinematograf\u00eda de bodas, adem\u00e1s de fotograf\u00eda?<\/h5><\/span><\/span><span class=\"back_holder\"><span class=\"back_inner\"><div class=\"desc\"><p class=\"desc_text\"><strong>Las cosas suceden tan r\u00e1pido ese d\u00eda y es probable que muchos de los peque\u00f1os detalles pasen desapercibidos para ustedes o los olviden con el tiempo. Las fotos son esenciales para captar los instantes decisivos, pero los videos pueden ampliar la memoria y ayudarlos a revivir ese d\u00eda. <\/strong><\/p><\/div><\/span><\/span><\/div><\/div><div class=\"q_image_with_text_over \"><div class=\"shader\"><\/div><img src=\"https:\/\/www.bdaypc.com\/wp-content\/uploads\/2015\/07\/Iglesia-144.jpg\" alt=\"\u00bfEntregan todas las fotos o s\u00f3lo una selecci\u00f3n? \u00bfEn baja o en alta calidad?\" \/><div class=\"text\"><span class=\"front_holder\"><span class=\"front_inner\"><span class=\"icon_holder q_font_elegant_icon icon_cloud_alt\" aria-hidden=\"true\" style=' font-size: 45px;'><\/span><h5 class=\"caption \" style=\"\">\u00bfEntregan todas las fotos o s\u00f3lo una selecci\u00f3n? \u00bfEn baja o en alta calidad?<\/h5><\/span><\/span><span class=\"back_holder\"><span class=\"back_inner\"><div class=\"desc\"><p class=\"desc_text\"><strong>Entregamos dos\u00a0carpetas con todas las im\u00e1genes (aprox. mil), con los ajustes necesarios, en alta calidad y\u00a0sin marca de agua.\u00a0Una carpeta\u00a0con el material en\u00a0tama\u00f1o de impresi\u00f3n y otra carpeta con las fotos en resoluci\u00f3n de pantalla para utilizar en redes sociales formatos digitales.<\/strong><\/p><\/div><\/span><\/span><\/div><\/div><div class=\"q_image_with_text_over \"><div class=\"shader\"><\/div><img src=\"https:\/\/www.bdaypc.com\/wp-content\/uploads\/2015\/07\/Iglesia-28.jpg\" alt=\"\u00bfCu\u00e1nto tiempo tardan en entregar el material?\" \/><div class=\"text\"><span class=\"front_holder\"><span class=\"front_inner\"><span class=\"icon_holder q_font_elegant_icon icon_comment_alt\" aria-hidden=\"true\" style=' font-size: 45px;'><\/span><h5 class=\"caption \" style=\"\">\u00bfCu\u00e1nto tiempo tardan en entregar el material?<\/h5><\/span><\/span><span class=\"back_holder\"><span class=\"back_inner\"><div class=\"desc\"><p class=\"desc_text\"><strong>Entre 30 y 45 d\u00edas, dependiendo de si estamos temporada baja o alta de eventos.<\/strong><\/p><\/div><\/span><\/span><\/div><\/div><div class=\"q_image_with_text_over \"><div class=\"shader\"><\/div><img src=\"https:\/\/www.bdaypc.com\/wp-content\/uploads\/2015\/06\/Fiesta-B-418.jpg\" alt=\"\u00bfCu\u00e1ntas bodas cubren por fecha?\" \/><div class=\"text\"><span class=\"front_holder\"><span class=\"front_inner\"><span class=\"icon_holder q_font_elegant_icon icon_check_alt2\" aria-hidden=\"true\" style=' font-size: 45px;'><\/span><h5 class=\"caption \" style=\"\">\u00bfCu\u00e1ntas bodas cubren por fecha?<\/h5><\/span><\/span><span class=\"back_holder\"><span class=\"back_inner\"><div class=\"desc\"><p class=\"desc_text\"><strong>Cubrimos s\u00f3lo\u00a0una boda por fin de semana. Nuestro equipo trabaja abocado \u00fanicamente a un evento semanal.<\/strong><\/p><\/div><\/span><\/span><\/div><\/div><div class=\"q_image_with_text_over \"><div class=\"shader\"><\/div><img src=\"https:\/\/www.bdaypc.com\/wp-content\/uploads\/2015\/06\/Vicky-Mauro-B-57.jpg\" alt=\"\u00bfHacen \u00e1lbumes o fotolibros?\" \/><div class=\"text\"><span class=\"front_holder\"><span class=\"front_inner\"><span class=\"icon_holder q_font_elegant_icon icon_genius\" aria-hidden=\"true\" style=' font-size: 45px;'><\/span><h5 class=\"caption \" style=\"\">\u00bfHacen \u00e1lbumes o fotolibros?<\/h5><\/span><\/span><span class=\"back_holder\"><span class=\"back_inner\"><div class=\"desc\"><p class=\"desc_text\"><strong>S\u00ed. En la entrevista te mostramos los diferentes formatos de entrega que tenemos.<\/strong><\/p><\/div><\/span><\/span><\/div><\/div>[\/vc_column][vc_column width=&#8221;1\/3&#8243;]<div class=\"q_image_with_text_over \"><div class=\"shader\"><\/div><img src=\"https:\/\/www.bdaypc.com\/wp-content\/uploads\/2015\/06\/Civil-baja-208.jpg\" alt=\"\u00bfPor qu\u00e9 Brighter Day es su mejor opci\u00f3n?\" \/><div class=\"text\"><span class=\"front_holder\"><span class=\"front_inner\"><span class=\"icon_holder q_font_elegant_icon icon_box-checked\" aria-hidden=\"true\" style=' font-size: 45px;'><\/span><h5 class=\"caption \" style=\"\">\u00bfPor qu\u00e9 Brighter Day es su mejor opci\u00f3n?<\/h5><\/span><\/span><span class=\"back_holder\"><span class=\"back_inner\"><div class=\"desc\"><p class=\"desc_text\"><strong>Tenemos estilo propio. Podemos contar una historia de cualquier manera que se nos ocurra, sin embargo, de\u00a0nuestra interacci\u00f3n con las parejas siempre surge algo especial. Trabajamos para capturar cada emoci\u00f3n que luego transcribimos en im\u00e1genes.<\/strong><\/p><\/div><\/span><\/span><\/div><\/div><div class=\"q_image_with_text_over \"><div class=\"shader\"><\/div><img src=\"https:\/\/www.bdaypc.com\/wp-content\/uploads\/2015\/07\/Setup-63.jpg\" alt=\"\u00bfOfrecen algo m\u00e1s, aparte de la fotograf\u00eda?\" \/><div class=\"text\"><span class=\"front_holder\"><span class=\"front_inner\"><span class=\"icon_holder q_font_elegant_icon icon_key\" aria-hidden=\"true\" style=' font-size: 45px;'><\/span><h5 class=\"caption \" style=\"\">\u00bfOfrecen algo m\u00e1s, aparte de la fotograf\u00eda?<\/h5><\/span><\/span><span class=\"back_holder\"><span class=\"back_inner\"><div class=\"desc\"><p class=\"desc_text\"><strong>S\u00ed, podemos\u00a0filmar tu fiesta, con la misma est\u00e9tica de nuestra fotograf\u00eda, en un video de no m\u00e1s de 20 min, a lo que llamamos \u201cWedding film\u201d. Tambi\u00e9n ofrecemos\u00a0Photo booth (cabinas), estudio port\u00e1til, impresoras Kodak profesionales y muchas opciones m\u00e1s.<\/strong><\/p><\/div><\/span><\/span><\/div><\/div><div class=\"q_image_with_text_over \"><div class=\"shader\"><\/div><img src=\"https:\/\/www.bdaypc.com\/wp-content\/uploads\/2015\/07\/Historia-15.jpg\" alt=\"\u00bfCu\u00e1l es su estilo?\" \/><div class=\"text\"><span class=\"front_holder\"><span class=\"front_inner\"><span class=\"icon_holder q_font_elegant_icon icon_lightbulb_alt\" aria-hidden=\"true\" style=' font-size: 45px;'><\/span><h5 class=\"caption \" style=\"\">\u00bfCu\u00e1l es su estilo?<\/h5><\/span><\/span><span class=\"back_holder\"><span class=\"back_inner\"><div class=\"desc\"><p class=\"desc_text\"><strong>Nuestro estilo es cl\u00e1sico\/moderno, ya que no dejamos de lado los momentos que no pueden faltar pero nos gusta trabajar de forma relajada para obtener tomas espont\u00e1neas y sin tantas poses.<\/strong><\/p><\/div><\/span><\/span><\/div><\/div><div class=\"q_image_with_text_over \"><div class=\"shader\"><\/div><img src=\"https:\/\/www.bdaypc.com\/wp-content\/uploads\/2015\/06\/Vicky-Mauro-B-78.jpg\" alt=\"\u00bfCu\u00e1l es la parte favorita de su trabajo? \" \/><div class=\"text\"><span class=\"front_holder\"><span class=\"front_inner\"><span class=\"icon_holder q_font_elegant_icon icon_lightbulb_alt\" aria-hidden=\"true\" style=' font-size: 45px;'><\/span><h5 class=\"caption \" style=\"\">\u00bfCu\u00e1l es la parte favorita de su trabajo? <\/h5><\/span><\/span><span class=\"back_holder\"><span class=\"back_inner\"><div class=\"desc\"><p class=\"desc_text\"><strong>Siempre buscamos que las parejas nos den la mejor devoluci\u00f3n del trabajo realizado. Nos encanta ver a nuestros clientes realmente felices.<\/strong><\/p><\/div><\/span><\/span><\/div><\/div><div class=\"q_image_with_text_over \"><div class=\"shader\"><\/div><img src=\"https:\/\/www.bdaypc.com\/wp-content\/uploads\/2015\/06\/Templo-B-197.jpg\" alt=\"Si nos gusta su trabajo y estamos de acuerdo con el presupuesto, \u00bfpodemos reservar la fecha v\u00eda e-mail o tel\u00e9fono?\" \/><div class=\"text\"><span class=\"front_holder\"><span class=\"front_inner\"><span class=\"icon_holder q_font_elegant_icon icon_lightbulb_alt\" aria-hidden=\"true\" style=' font-size: 45px;'><\/span><h5 class=\"caption \" style=\"\">Si nos gusta su trabajo y estamos de acuerdo con el presupuesto, \u00bfpodemos reservar la fecha v\u00eda e-mail o tel\u00e9fono?<\/h5><\/span><\/span><span class=\"back_holder\"><span class=\"back_inner\"><div class=\"desc\"><p class=\"desc_text\"><strong>S\u00ed, de todos modos, recomendamos realizar una entrevista personal (o v\u00eda Skype si viven afuera o en el interior), ya que en ella les contamos nuestra modalidad de trabajo, de principio a fin, y conversamos sobre su boda.<\/strong><\/p><\/div><\/span><\/span><\/div><\/div>[\/vc_column][\/vc_row]<\/p>\n","protected":false},"excerpt":{"rendered":"<p>[vc_row row_type=&#8221;row&#8221; type=&#8221;grid&#8221; icon_pack=&#8221;font_awesome&#8221; content_menu_fe_icon=&#8221;arrow_back&#8221; text_align=&#8221;left&#8221; padding_top=&#8221;85&#8243; padding_bottom=&#8221;102&#8243; background_color=&#8221;#ffffff&#8221;][vc_column width=&#8221;1\/1&#8243;][\/vc_column][\/vc_row][vc_row row_type=&#8221;row&#8221; type=&#8221;grid&#8221; icon_pack=&#8221;font_awesome&#8221; content_menu_fe_icon=&#8221;arrow_back&#8221; text_align=&#8221;left&#8221; padding_bottom=&#8221;2&#8243; in_content_menu=&#8221;&#8221; pattern_background=&#8221;&#8221;][vc_column width=&#8221;1\/3&#8243;][\/vc_column][vc_column width=&#8221;1\/3&#8243;][\/vc_column][vc_column width=&#8221;1\/3&#8243;][\/vc_column][\/vc_row]<\/p>\n","protected":false},"author":3,"featured_media":0,"parent":0,"menu_order":7,"comment_status":"open","ping_status":"closed","template":"full_width.php","meta":[],"_links":{"self":[{"href":"https:\/\/www.bdaypc.com\/index.php\/wp-json\/wp\/v2\/pages\/15742"}],"collection":[{"href":"https:\/\/www.bdaypc.com\/index.php\/wp-json\/wp\/v2\/pages"}],"about":[{"href":"https:\/\/www.bdaypc.com\/index.php\/wp-json\/wp\/v2\/types\/page"}],"author":[{"embeddable":true,"href":"https:\/\/www.bdaypc.com\/index.php\/wp-json\/wp\/v2\/users\/3"}],"replies":[{"embeddable":true,"href":"https:\/\/www.bdaypc.com\/index.php\/wp-json\/wp\/v2\/comments?post=15742"}],"version-history":[{"count":5,"href":"https:\/\/www.bdaypc.com\/index.php\/wp-json\/wp\/v2\/pages\/15742\/revisions"}],"predecessor-version":[{"id":22113,"href":"https:\/\/www.bdaypc.com\/index.php\/wp-json\/wp\/v2\/pages\/15742\/revisions\/22113"}],"wp:attachment":[{"href":"https:\/\/www.bdaypc.com\/index.php\/wp-json\/wp\/v2\/media?parent=15742"}],"curies":[{"name":"wp","href":"https:\/\/api.w.org\/{rel}","templated":true}]}}