{"id":15217,"date":"2014-06-10T13:25:18","date_gmt":"2014-06-10T16:25:18","guid":{"rendered":"http:\/\/demo.select-themes.com\/hazel13\/?page_id=15217"},"modified":"2015-07-04T15:54:11","modified_gmt":"2015-07-04T18:54:11","slug":"fotografia","status":"publish","type":"page","link":"https:\/\/www.bdaypc.com\/index.php\/fotografia\/","title":{"rendered":"Fotografia"},"content":{"rendered":"<p>[vc_row row_type=&#8221;row&#8221; type=&#8221;grid&#8221; icon_pack=&#8221;font_awesome&#8221; content_menu_fe_icon=&#8221;arrow_back&#8221; text_align=&#8221;left&#8221; padding_top=&#8221;85&#8243; padding_bottom=&#8221;102&#8243; background_color=&#8221;#ffffff&#8221;][vc_column width=&#8221;1\/1&#8243;][vc_column_text]<\/p>\n<h4 style=\"text-align: center;\">Buscamos anticiparnos con creatividad a las im\u00e1genes: no las esperamos \u00a1vamos por ellas! Nuestro plan de trabajo principal se relaciona con la creatividad de las tomas, seguimos muy de cerca a los protagonistas frente a cada suceso. Para nosotros, todo sucede a partir de la planificaci\u00f3n y la pre-producci\u00f3n. Antes de comenzar con la producci\u00f3n sabemos exactamente qu\u00e9 es lo que estamos buscando, por eso permanecemos con muy bajo perfil, siempre disparando en los momentos decisivos y con el punto de vista m\u00e1s apropiado para cada situaci\u00f3n. De esta forma, logramos una fotograf\u00eda de car\u00e1cter puramente documental. Un estilo que nos hace abordar las im\u00e1genes de una manera muy minuciosa. Cada detalle cuenta, por eso trabajamos con equipos cuya calidad t\u00e9cnica nos brindan la posibilidad de contemplar cada uno de ellos, obteniendo as\u00ed un producto final \u00fanico. Nuestro portfolio es el mejor reflejo del potencial creativo de Brighter Day.<\/h4>\n<p>[\/vc_column_text][vc_separator type=&#8221;normal&#8221; position=&#8221;center&#8221;]<div class='projects_holder_outer v3 portfolio_with_space portfolio_standard '><div class='projects_holder clearfix v3 standard'>\n<article class='mix portfolio_category_160 '><div class='image_holder'><a class='portfolio_link_for_touch' href='https:\/\/www.bdaypc.com\/index.php\/portfolio_page\/el-compromiso\/' target='_self'><span class='image'><img width=\"800\" height=\"600\" src=\"https:\/\/www.bdaypc.com\/wp-content\/uploads\/2015\/07\/Civil-Colon-IF-B-55-800x600.jpg\" class=\"attachment-portfolio-landscape size-portfolio-landscape wp-post-image\" alt=\"\" loading=\"lazy\" \/><\/span><\/a><span class='text_holder'><span class='text_outer'><span class='text_inner'><span class='feature_holder'><span class=\"feature_holder_icons\"><a class='lightbox hover_icon_holder' title='El Compromiso' href='https:\/\/www.bdaypc.com\/wp-content\/uploads\/2015\/07\/Civil-Colon-IF-B-55.jpg' data-rel='prettyPhoto[pretty_photo_gallery]'><span  class='hover_icon icon_search'><\/span><\/a><a class='preview hover_icon_holder' href='https:\/\/www.bdaypc.com\/index.php\/portfolio_page\/el-compromiso\/' target='_self'><span  class='hover_icon icon_link_alt'><\/span><\/a><span  class='portfolio_like hover_icon_holder'><a class=\"hover_icon qode-like\" data-type=\"portfolio_list\" id=\"qode-like-21722\" title=\"Like this\"><\/a><\/span><\/span><\/span><\/span><\/span><\/span><\/div><div class='portfolio_description '><h5 class=\"portfolio_title\"><a href=\"https:\/\/www.bdaypc.com\/index.php\/portfolio_page\/el-compromiso\/\"  target=\"_self\">El Compromiso<\/a><\/h5><span  class=\"project_category\">Fotos<\/span><\/div><\/article>\n<article class='mix portfolio_category_160 '><div class='image_holder'><a class='portfolio_link_for_touch' href='https:\/\/www.bdaypc.com\/index.php\/portfolio_page\/los-preparativos\/' target='_self'><span class='image'><img width=\"800\" height=\"600\" src=\"https:\/\/www.bdaypc.com\/wp-content\/uploads\/2015\/07\/Boda-VN-B-55-800x600.jpg\" class=\"attachment-portfolio-landscape size-portfolio-landscape wp-post-image\" alt=\"\" loading=\"lazy\" \/><\/span><\/a><span class='text_holder'><span class='text_outer'><span class='text_inner'><span class='feature_holder'><span class=\"feature_holder_icons\"><a class='lightbox hover_icon_holder' title='Los Preparativos' href='https:\/\/www.bdaypc.com\/wp-content\/uploads\/2015\/07\/Boda-VN-B-55.jpg' data-rel='prettyPhoto[pretty_photo_gallery]'><span  class='hover_icon icon_search'><\/span><\/a><a class='preview hover_icon_holder' href='https:\/\/www.bdaypc.com\/index.php\/portfolio_page\/los-preparativos\/' target='_self'><span  class='hover_icon icon_link_alt'><\/span><\/a><span  class='portfolio_like hover_icon_holder'><a class=\"hover_icon qode-like\" data-type=\"portfolio_list\" id=\"qode-like-21724\" title=\"Like this\"><\/a><\/span><\/span><\/span><\/span><\/span><\/span><\/div><div class='portfolio_description '><h5 class=\"portfolio_title\"><a href=\"https:\/\/www.bdaypc.com\/index.php\/portfolio_page\/los-preparativos\/\"  target=\"_self\">Los Preparativos<\/a><\/h5><span  class=\"project_category\">Fotos<\/span><\/div><\/article>\n<article class='mix portfolio_category_160 '><div class='image_holder'><a class='portfolio_link_for_touch' href='https:\/\/www.bdaypc.com\/index.php\/portfolio_page\/ella-y-el\/' target='_self'><span class='image'><img width=\"800\" height=\"600\" src=\"https:\/\/www.bdaypc.com\/wp-content\/uploads\/2015\/07\/Civil-Meli-Fabi-366-800x600.jpg\" class=\"attachment-portfolio-landscape size-portfolio-landscape wp-post-image\" alt=\"\" loading=\"lazy\" \/><\/span><\/a><span class='text_holder'><span class='text_outer'><span class='text_inner'><span class='feature_holder'><span class=\"feature_holder_icons\"><a class='lightbox hover_icon_holder' title='Ella y El' href='https:\/\/www.bdaypc.com\/wp-content\/uploads\/2015\/07\/Civil-Meli-Fabi-366.jpg' data-rel='prettyPhoto[pretty_photo_gallery]'><span  class='hover_icon icon_search'><\/span><\/a><a class='preview hover_icon_holder' href='https:\/\/www.bdaypc.com\/index.php\/portfolio_page\/ella-y-el\/' target='_self'><span  class='hover_icon icon_link_alt'><\/span><\/a><span  class='portfolio_like hover_icon_holder'><a class=\"hover_icon qode-like\" data-type=\"portfolio_list\" id=\"qode-like-21756\" title=\"Like this\"><\/a><\/span><\/span><\/span><\/span><\/span><\/span><\/div><div class='portfolio_description '><h5 class=\"portfolio_title\"><a href=\"https:\/\/www.bdaypc.com\/index.php\/portfolio_page\/ella-y-el\/\"  target=\"_self\">Ella y El<\/a><\/h5><span  class=\"project_category\">Fotos<\/span><\/div><\/article>\n<article class='mix portfolio_category_160 '><div class='image_holder'><a class='portfolio_link_for_touch' href='https:\/\/www.bdaypc.com\/index.php\/portfolio_page\/la-ceremonia\/' target='_self'><span class='image'><img width=\"800\" height=\"600\" src=\"https:\/\/www.bdaypc.com\/wp-content\/uploads\/2015\/07\/Dee-Lucas-B-244-800x600.jpg\" class=\"attachment-portfolio-landscape size-portfolio-landscape wp-post-image\" alt=\"\" loading=\"lazy\" \/><\/span><\/a><span class='text_holder'><span class='text_outer'><span class='text_inner'><span class='feature_holder'><span class=\"feature_holder_icons\"><a class='lightbox hover_icon_holder' title='La Ceremonia' href='https:\/\/www.bdaypc.com\/wp-content\/uploads\/2015\/07\/Dee-Lucas-B-244.jpg' data-rel='prettyPhoto[pretty_photo_gallery]'><span  class='hover_icon icon_search'><\/span><\/a><a class='preview hover_icon_holder' href='https:\/\/www.bdaypc.com\/index.php\/portfolio_page\/la-ceremonia\/' target='_self'><span  class='hover_icon icon_link_alt'><\/span><\/a><span  class='portfolio_like hover_icon_holder'><a class=\"hover_icon qode-like\" data-type=\"portfolio_list\" id=\"qode-like-21744\" title=\"Like this\"><\/a><\/span><\/span><\/span><\/span><\/span><\/span><\/div><div class='portfolio_description '><h5 class=\"portfolio_title\"><a href=\"https:\/\/www.bdaypc.com\/index.php\/portfolio_page\/la-ceremonia\/\"  target=\"_self\">La Ceremonia<\/a><\/h5><span  class=\"project_category\">Fotos<\/span><\/div><\/article>\n<article class='mix portfolio_category_160 '><div class='image_holder'><a class='portfolio_link_for_touch' href='https:\/\/www.bdaypc.com\/index.php\/portfolio_page\/el-primer-baile\/' target='_self'><span class='image'><img width=\"800\" height=\"600\" src=\"https:\/\/www.bdaypc.com\/wp-content\/uploads\/2015\/07\/Fiesta-IF-B-249-800x600.jpg\" class=\"attachment-portfolio-landscape size-portfolio-landscape wp-post-image\" alt=\"\" loading=\"lazy\" \/><\/span><\/a><span class='text_holder'><span class='text_outer'><span class='text_inner'><span class='feature_holder'><span class=\"feature_holder_icons\"><a class='lightbox hover_icon_holder' title='El Primer Baile' href='https:\/\/www.bdaypc.com\/wp-content\/uploads\/2015\/07\/Fiesta-IF-B-249.jpg' data-rel='prettyPhoto[pretty_photo_gallery]'><span  class='hover_icon icon_search'><\/span><\/a><a class='preview hover_icon_holder' href='https:\/\/www.bdaypc.com\/index.php\/portfolio_page\/el-primer-baile\/' target='_self'><span  class='hover_icon icon_link_alt'><\/span><\/a><span  class='portfolio_like hover_icon_holder'><a class=\"hover_icon qode-like\" data-type=\"portfolio_list\" id=\"qode-like-21737\" title=\"Like this\"><\/a><\/span><\/span><\/span><\/span><\/span><\/span><\/div><div class='portfolio_description '><h5 class=\"portfolio_title\"><a href=\"https:\/\/www.bdaypc.com\/index.php\/portfolio_page\/el-primer-baile\/\"  target=\"_self\">El Primer Baile<\/a><\/h5><span  class=\"project_category\">Fotos<\/span><\/div><\/article>\n<article class='mix portfolio_category_160 '><div class='image_holder'><a class='portfolio_link_for_touch' href='https:\/\/www.bdaypc.com\/index.php\/portfolio_page\/lafiesta\/' target='_self'><span class='image'><img width=\"800\" height=\"600\" src=\"https:\/\/www.bdaypc.com\/wp-content\/uploads\/2013\/10\/Fiesta-IF-B-36-800x600.jpg\" class=\"attachment-portfolio-landscape size-portfolio-landscape wp-post-image\" alt=\"\" loading=\"lazy\" \/><\/span><\/a><span class='text_holder'><span class='text_outer'><span class='text_inner'><span class='feature_holder'><span class=\"feature_holder_icons\"><a class='lightbox hover_icon_holder' title='La Fiesta' href='https:\/\/www.bdaypc.com\/wp-content\/uploads\/2013\/10\/Fiesta-IF-B-36.jpg' data-rel='prettyPhoto[pretty_photo_gallery]'><span  class='hover_icon icon_search'><\/span><\/a><a class='preview hover_icon_holder' href='https:\/\/www.bdaypc.com\/index.php\/portfolio_page\/lafiesta\/' target='_self'><span  class='hover_icon icon_link_alt'><\/span><\/a><span  class='portfolio_like hover_icon_holder'><a class=\"hover_icon qode-like\" data-type=\"portfolio_list\" id=\"qode-like-157\" title=\"Like this\"><\/a><\/span><\/span><\/span><\/span><\/span><\/span><\/div><div class='portfolio_description '><h5 class=\"portfolio_title\"><a href=\"https:\/\/www.bdaypc.com\/index.php\/portfolio_page\/lafiesta\/\"  target=\"_self\">La Fiesta<\/a><\/h5><span  class=\"project_category\">Fotos<\/span><\/div><\/article>\n<div class='filler'><\/div>\n<div class='filler'><\/div>\n<div class='filler'><\/div>\n<\/div><\/div>[\/vc_column][\/vc_row]<\/p>\n","protected":false},"excerpt":{"rendered":"<p>[vc_row row_type=&#8221;row&#8221; type=&#8221;grid&#8221; icon_pack=&#8221;font_awesome&#8221; content_menu_fe_icon=&#8221;arrow_back&#8221; text_align=&#8221;left&#8221; padding_top=&#8221;85&#8243; padding_bottom=&#8221;102&#8243; background_color=&#8221;#ffffff&#8221;][vc_column width=&#8221;1\/1&#8243;][vc_column_text] Buscamos anticiparnos con creatividad a las im\u00e1genes: no las esperamos \u00a1vamos por ellas!&#8230;<\/p>\n","protected":false},"author":3,"featured_media":0,"parent":0,"menu_order":3,"comment_status":"open","ping_status":"closed","template":"full_width.php","meta":[],"_links":{"self":[{"href":"https:\/\/www.bdaypc.com\/index.php\/wp-json\/wp\/v2\/pages\/15217"}],"collection":[{"href":"https:\/\/www.bdaypc.com\/index.php\/wp-json\/wp\/v2\/pages"}],"about":[{"href":"https:\/\/www.bdaypc.com\/index.php\/wp-json\/wp\/v2\/types\/page"}],"author":[{"embeddable":true,"href":"https:\/\/www.bdaypc.com\/index.php\/wp-json\/wp\/v2\/users\/3"}],"replies":[{"embeddable":true,"href":"https:\/\/www.bdaypc.com\/index.php\/wp-json\/wp\/v2\/comments?post=15217"}],"version-history":[{"count":6,"href":"https:\/\/www.bdaypc.com\/index.php\/wp-json\/wp\/v2\/pages\/15217\/revisions"}],"predecessor-version":[{"id":23491,"href":"https:\/\/www.bdaypc.com\/index.php\/wp-json\/wp\/v2\/pages\/15217\/revisions\/23491"}],"wp:attachment":[{"href":"https:\/\/www.bdaypc.com\/index.php\/wp-json\/wp\/v2\/media?parent=15217"}],"curies":[{"name":"wp","href":"https:\/\/api.w.org\/{rel}","templated":true}]}}